{"id":91,"date":"2021-05-07T12:23:51","date_gmt":"2021-05-07T10:23:51","guid":{"rendered":"http:\/\/www.labuonaterrabio.it\/fr\/?page_id=91"},"modified":"2021-07-06T17:25:40","modified_gmt":"2021-07-06T15:25:40","slug":"bruschettes","status":"publish","type":"page","link":"https:\/\/www.labuonaterrabio.it\/fr\/produits-bio\/bruschettes\/","title":{"rendered":"Bruschettes"},"content":{"rendered":"<h2>Bruschettes de pain bio pour une touche extra \u00e0 table<\/h2>\n<p>D\u00e9couvrez nos <strong>bruschettes bio<\/strong> parfum\u00e9es et friables. Elles peuvent \u00eatre assaisonn\u00e9es et enrichies d&#8217;huile et de sauces, accompagn\u00e9es des l\u00e9gumes et pourquoi pas, manger sans rien dessus. Les <strong>bruschettes bio<\/strong> de La Buona Terra sont id\u00e9ales pour un ap\u00e9ritif ou une entr\u00e9e. Tr\u00e8s savoureuses, elles peuvent \u00eatre mang\u00e9es en milieu de matin\u00e9e comme en-cas. Un d\u00e9licieux snack, r\u00e9alis\u00e9 uniquement avec les meilleurs ingr\u00e9dients naturels, comme le veut la tradition.<\/p>\n","protected":false},"excerpt":{"rendered":"<p>Bruschettes de pain bio pour une touche extra \u00e0 table D\u00e9couvrez nos bruschettes bio parfum\u00e9es et friables. Elles peuvent \u00eatre assaisonn\u00e9es et enrichies d&#8217;huile et de sauces, accompagn\u00e9es des l\u00e9gumes et pourquoi pas, manger sans rien dessus. Les bruschettes bio de La Buona Terra sont id\u00e9ales pour un ap\u00e9ritif ou une entr\u00e9e. Tr\u00e8s savoureuses, elles &hellip; <a href=\"https:\/\/www.labuonaterrabio.it\/fr\/produits-bio\/bruschettes\/\">Continued<\/a><\/p>\n","protected":false},"author":1,"featured_media":1146,"parent":76,"menu_order":65,"comment_status":"closed","ping_status":"closed","template":"template-macroprodotti.php","meta":{"_acf_changed":false,"footnotes":""},"class_list":["post-91","page","type-page","status-publish","has-post-thumbnail","hentry"],"acf":[],"yoast_head":"<!-- This site is optimized with the Yoast SEO plugin v27.2 - https:\/\/yoast.com\/product\/yoast-seo-wordpress\/ -->\n<title>Bruschettes Bio | Gressins et Snack Bio | La Buona Terra Bio<\/title>\n<meta name=\"description\" content=\"Bruschettes bio et artisanales adapt\u00e9es \u00e0 chaque moment de la journ\u00e9e, cr\u00e9\u00e9es avec des mati\u00e8res premi\u00e8res de tr\u00e8s grande qualit\u00e9 et avec une fabrication lente et naturelle.\" \/>\n<meta name=\"robots\" content=\"index, follow, max-snippet:-1, max-image-preview:large, max-video-preview:-1\" \/>\n<link rel=\"canonical\" href=\"https:\/\/www.labuonaterrabio.it\/fr\/produits-bio\/bruschettes\/\" \/>\n<meta property=\"og:locale\" content=\"fr_FR\" \/>\n<meta property=\"og:type\" content=\"article\" \/>\n<meta property=\"og:title\" content=\"Bruschettes Bio | Gressins et Snack Bio | La Buona Terra Bio\" \/>\n<meta property=\"og:description\" content=\"Bruschettes bio et artisanales adapt\u00e9es \u00e0 chaque moment de la journ\u00e9e, cr\u00e9\u00e9es avec des mati\u00e8res premi\u00e8res de tr\u00e8s grande qualit\u00e9 et avec une fabrication lente et naturelle.\" \/>\n<meta property=\"og:url\" content=\"https:\/\/www.labuonaterrabio.it\/fr\/produits-bio\/bruschettes\/\" \/>\n<meta property=\"og:site_name\" content=\"labuonaterrabio fr\" \/>\n<meta property=\"article:modified_time\" content=\"2021-07-06T15:25:40+00:00\" \/>\n<meta property=\"og:image\" content=\"https:\/\/www.labuonaterrabio.it\/fr\/wp-content\/uploads\/sites\/3\/Bruschette-sfondo-chiaro.jpg\" \/>\n\t<meta property=\"og:image:width\" content=\"1290\" \/>\n\t<meta property=\"og:image:height\" content=\"785\" \/>\n\t<meta property=\"og:image:type\" content=\"image\/jpeg\" \/>\n<meta name=\"twitter:card\" content=\"summary_large_image\" \/>\n<meta name=\"twitter:label1\" content=\"Dur\u00e9e de lecture estim\u00e9e\" \/>\n\t<meta name=\"twitter:data1\" content=\"1 minute\" \/>\n<script type=\"application\/ld+json\" class=\"yoast-schema-graph\">{\"@context\":\"https:\/\/schema.org\",\"@graph\":[{\"@type\":\"WebPage\",\"@id\":\"https:\/\/www.labuonaterrabio.it\/fr\/produits-bio\/bruschettes\/\",\"url\":\"https:\/\/www.labuonaterrabio.it\/fr\/produits-bio\/bruschettes\/\",\"name\":\"Bruschettes Bio | Gressins et Snack Bio | La Buona Terra Bio\",\"isPartOf\":{\"@id\":\"https:\/\/www.labuonaterrabio.it\/fr\/#website\"},\"primaryImageOfPage\":{\"@id\":\"https:\/\/www.labuonaterrabio.it\/fr\/produits-bio\/bruschettes\/#primaryimage\"},\"image\":{\"@id\":\"https:\/\/www.labuonaterrabio.it\/fr\/produits-bio\/bruschettes\/#primaryimage\"},\"thumbnailUrl\":\"https:\/\/www.labuonaterrabio.it\/fr\/wp-content\/uploads\/sites\/3\/Bruschette-sfondo-chiaro.jpg\",\"datePublished\":\"2021-05-07T10:23:51+00:00\",\"dateModified\":\"2021-07-06T15:25:40+00:00\",\"description\":\"Bruschettes bio et artisanales adapt\u00e9es \u00e0 chaque moment de la journ\u00e9e, cr\u00e9\u00e9es avec des mati\u00e8res premi\u00e8res de tr\u00e8s grande qualit\u00e9 et avec une fabrication lente et naturelle.\",\"breadcrumb\":{\"@id\":\"https:\/\/www.labuonaterrabio.it\/fr\/produits-bio\/bruschettes\/#breadcrumb\"},\"inLanguage\":\"fr-FR\",\"potentialAction\":[{\"@type\":\"ReadAction\",\"target\":[\"https:\/\/www.labuonaterrabio.it\/fr\/produits-bio\/bruschettes\/\"]}]},{\"@type\":\"ImageObject\",\"inLanguage\":\"fr-FR\",\"@id\":\"https:\/\/www.labuonaterrabio.it\/fr\/produits-bio\/bruschettes\/#primaryimage\",\"url\":\"https:\/\/www.labuonaterrabio.it\/fr\/wp-content\/uploads\/sites\/3\/Bruschette-sfondo-chiaro.jpg\",\"contentUrl\":\"https:\/\/www.labuonaterrabio.it\/fr\/wp-content\/uploads\/sites\/3\/Bruschette-sfondo-chiaro.jpg\",\"width\":1290,\"height\":785},{\"@type\":\"BreadcrumbList\",\"@id\":\"https:\/\/www.labuonaterrabio.it\/fr\/produits-bio\/bruschettes\/#breadcrumb\",\"itemListElement\":[{\"@type\":\"ListItem\",\"position\":1,\"name\":\"Home\",\"item\":\"https:\/\/www.labuonaterrabio.it\/fr\/\"},{\"@type\":\"ListItem\",\"position\":2,\"name\":\"Produits bio\",\"item\":\"https:\/\/www.labuonaterrabio.it\/fr\/produits-bio\/\"},{\"@type\":\"ListItem\",\"position\":3,\"name\":\"Bruschettes\"}]},{\"@type\":\"WebSite\",\"@id\":\"https:\/\/www.labuonaterrabio.it\/fr\/#website\",\"url\":\"https:\/\/www.labuonaterrabio.it\/fr\/\",\"name\":\"labuonaterrabio fr\",\"description\":\"Un nuovo sito targato WordPress\",\"publisher\":{\"@id\":\"https:\/\/www.labuonaterrabio.it\/fr\/#organization\"},\"potentialAction\":[{\"@type\":\"SearchAction\",\"target\":{\"@type\":\"EntryPoint\",\"urlTemplate\":\"https:\/\/www.labuonaterrabio.it\/fr\/?s={search_term_string}\"},\"query-input\":{\"@type\":\"PropertyValueSpecification\",\"valueRequired\":true,\"valueName\":\"search_term_string\"}}],\"inLanguage\":\"fr-FR\"},{\"@type\":\"Organization\",\"@id\":\"https:\/\/www.labuonaterrabio.it\/fr\/#organization\",\"name\":\"La Buona Terra Bio\",\"url\":\"https:\/\/www.labuonaterrabio.it\/fr\/\",\"logo\":{\"@type\":\"ImageObject\",\"inLanguage\":\"fr-FR\",\"@id\":\"https:\/\/www.labuonaterrabio.it\/fr\/#\/schema\/logo\/image\/\",\"url\":\"https:\/\/www.labuonaterrabio.it\/fr\/wp-content\/uploads\/sites\/3\/logo-menu.svg\",\"contentUrl\":\"https:\/\/www.labuonaterrabio.it\/fr\/wp-content\/uploads\/sites\/3\/logo-menu.svg\",\"width\":1,\"height\":1,\"caption\":\"La Buona Terra Bio\"},\"image\":{\"@id\":\"https:\/\/www.labuonaterrabio.it\/fr\/#\/schema\/logo\/image\/\"}}]}<\/script>\n<!-- \/ Yoast SEO plugin. -->","yoast_head_json":{"title":"Bruschettes Bio | Gressins et Snack Bio | La Buona Terra Bio","description":"Bruschettes bio et artisanales adapt\u00e9es \u00e0 chaque moment de la journ\u00e9e, cr\u00e9\u00e9es avec des mati\u00e8res premi\u00e8res de tr\u00e8s grande qualit\u00e9 et avec une fabrication lente et naturelle.","robots":{"index":"index","follow":"follow","max-snippet":"max-snippet:-1","max-image-preview":"max-image-preview:large","max-video-preview":"max-video-preview:-1"},"canonical":"https:\/\/www.labuonaterrabio.it\/fr\/produits-bio\/bruschettes\/","og_locale":"fr_FR","og_type":"article","og_title":"Bruschettes Bio | Gressins et Snack Bio | La Buona Terra Bio","og_description":"Bruschettes bio et artisanales adapt\u00e9es \u00e0 chaque moment de la journ\u00e9e, cr\u00e9\u00e9es avec des mati\u00e8res premi\u00e8res de tr\u00e8s grande qualit\u00e9 et avec une fabrication lente et naturelle.","og_url":"https:\/\/www.labuonaterrabio.it\/fr\/produits-bio\/bruschettes\/","og_site_name":"labuonaterrabio fr","article_modified_time":"2021-07-06T15:25:40+00:00","og_image":[{"width":1290,"height":785,"url":"https:\/\/www.labuonaterrabio.it\/fr\/wp-content\/uploads\/sites\/3\/Bruschette-sfondo-chiaro.jpg","type":"image\/jpeg"}],"twitter_card":"summary_large_image","twitter_misc":{"Dur\u00e9e de lecture estim\u00e9e":"1 minute"},"schema":{"@context":"https:\/\/schema.org","@graph":[{"@type":"WebPage","@id":"https:\/\/www.labuonaterrabio.it\/fr\/produits-bio\/bruschettes\/","url":"https:\/\/www.labuonaterrabio.it\/fr\/produits-bio\/bruschettes\/","name":"Bruschettes Bio | Gressins et Snack Bio | La Buona Terra Bio","isPartOf":{"@id":"https:\/\/www.labuonaterrabio.it\/fr\/#website"},"primaryImageOfPage":{"@id":"https:\/\/www.labuonaterrabio.it\/fr\/produits-bio\/bruschettes\/#primaryimage"},"image":{"@id":"https:\/\/www.labuonaterrabio.it\/fr\/produits-bio\/bruschettes\/#primaryimage"},"thumbnailUrl":"https:\/\/www.labuonaterrabio.it\/fr\/wp-content\/uploads\/sites\/3\/Bruschette-sfondo-chiaro.jpg","datePublished":"2021-05-07T10:23:51+00:00","dateModified":"2021-07-06T15:25:40+00:00","description":"Bruschettes bio et artisanales adapt\u00e9es \u00e0 chaque moment de la journ\u00e9e, cr\u00e9\u00e9es avec des mati\u00e8res premi\u00e8res de tr\u00e8s grande qualit\u00e9 et avec une fabrication lente et naturelle.","breadcrumb":{"@id":"https:\/\/www.labuonaterrabio.it\/fr\/produits-bio\/bruschettes\/#breadcrumb"},"inLanguage":"fr-FR","potentialAction":[{"@type":"ReadAction","target":["https:\/\/www.labuonaterrabio.it\/fr\/produits-bio\/bruschettes\/"]}]},{"@type":"ImageObject","inLanguage":"fr-FR","@id":"https:\/\/www.labuonaterrabio.it\/fr\/produits-bio\/bruschettes\/#primaryimage","url":"https:\/\/www.labuonaterrabio.it\/fr\/wp-content\/uploads\/sites\/3\/Bruschette-sfondo-chiaro.jpg","contentUrl":"https:\/\/www.labuonaterrabio.it\/fr\/wp-content\/uploads\/sites\/3\/Bruschette-sfondo-chiaro.jpg","width":1290,"height":785},{"@type":"BreadcrumbList","@id":"https:\/\/www.labuonaterrabio.it\/fr\/produits-bio\/bruschettes\/#breadcrumb","itemListElement":[{"@type":"ListItem","position":1,"name":"Home","item":"https:\/\/www.labuonaterrabio.it\/fr\/"},{"@type":"ListItem","position":2,"name":"Produits bio","item":"https:\/\/www.labuonaterrabio.it\/fr\/produits-bio\/"},{"@type":"ListItem","position":3,"name":"Bruschettes"}]},{"@type":"WebSite","@id":"https:\/\/www.labuonaterrabio.it\/fr\/#website","url":"https:\/\/www.labuonaterrabio.it\/fr\/","name":"labuonaterrabio fr","description":"Un nuovo sito targato WordPress","publisher":{"@id":"https:\/\/www.labuonaterrabio.it\/fr\/#organization"},"potentialAction":[{"@type":"SearchAction","target":{"@type":"EntryPoint","urlTemplate":"https:\/\/www.labuonaterrabio.it\/fr\/?s={search_term_string}"},"query-input":{"@type":"PropertyValueSpecification","valueRequired":true,"valueName":"search_term_string"}}],"inLanguage":"fr-FR"},{"@type":"Organization","@id":"https:\/\/www.labuonaterrabio.it\/fr\/#organization","name":"La Buona Terra Bio","url":"https:\/\/www.labuonaterrabio.it\/fr\/","logo":{"@type":"ImageObject","inLanguage":"fr-FR","@id":"https:\/\/www.labuonaterrabio.it\/fr\/#\/schema\/logo\/image\/","url":"https:\/\/www.labuonaterrabio.it\/fr\/wp-content\/uploads\/sites\/3\/logo-menu.svg","contentUrl":"https:\/\/www.labuonaterrabio.it\/fr\/wp-content\/uploads\/sites\/3\/logo-menu.svg","width":1,"height":1,"caption":"La Buona Terra Bio"},"image":{"@id":"https:\/\/www.labuonaterrabio.it\/fr\/#\/schema\/logo\/image\/"}}]}},"_links":{"self":[{"href":"https:\/\/www.labuonaterrabio.it\/fr\/wp-json\/wp\/v2\/pages\/91","targetHints":{"allow":["GET"]}}],"collection":[{"href":"https:\/\/www.labuonaterrabio.it\/fr\/wp-json\/wp\/v2\/pages"}],"about":[{"href":"https:\/\/www.labuonaterrabio.it\/fr\/wp-json\/wp\/v2\/types\/page"}],"author":[{"embeddable":true,"href":"https:\/\/www.labuonaterrabio.it\/fr\/wp-json\/wp\/v2\/users\/1"}],"replies":[{"embeddable":true,"href":"https:\/\/www.labuonaterrabio.it\/fr\/wp-json\/wp\/v2\/comments?post=91"}],"version-history":[{"count":11,"href":"https:\/\/www.labuonaterrabio.it\/fr\/wp-json\/wp\/v2\/pages\/91\/revisions"}],"predecessor-version":[{"id":1450,"href":"https:\/\/www.labuonaterrabio.it\/fr\/wp-json\/wp\/v2\/pages\/91\/revisions\/1450"}],"up":[{"embeddable":true,"href":"https:\/\/www.labuonaterrabio.it\/fr\/wp-json\/wp\/v2\/pages\/76"}],"wp:featuredmedia":[{"embeddable":true,"href":"https:\/\/www.labuonaterrabio.it\/fr\/wp-json\/wp\/v2\/media\/1146"}],"wp:attachment":[{"href":"https:\/\/www.labuonaterrabio.it\/fr\/wp-json\/wp\/v2\/media?parent=91"}],"curies":[{"name":"wp","href":"https:\/\/api.w.org\/{rel}","templated":true}]}}