{"id":84,"date":"2021-05-07T12:23:03","date_gmt":"2021-05-07T10:23:03","guid":{"rendered":"http:\/\/www.labuonaterrabio.it\/fr\/?page_id=84"},"modified":"2026-03-24T11:07:58","modified_gmt":"2026-03-24T10:07:58","slug":"bongri-sans-levure","status":"publish","type":"page","link":"https:\/\/www.labuonaterrabio.it\/fr\/produits-bio\/bongri-sans-levure\/","title":{"rendered":"Bongr\u00ec Sans Levure"},"content":{"rendered":"<h2>Gressins bio sans levure pour ceux qui souffrent d&#8217;intol\u00e9rances alimentaires<\/h2>\n<p>Con\u00e7us pour les personnes souffrant d&#8217;intol\u00e9rances alimentaires, les <strong>gressins artisanaux bio<\/strong> sont totalement <strong>exempts de levure<\/strong>, \u00e0 la fois chimique et pour la boulangerie. Ils sont cr\u00e9\u00e9s avec de la <strong>farine de bl\u00e9<\/strong>, un ingr\u00e9dient parfait qui assure l\u00e9g\u00e8ret\u00e9 et go\u00fbt. Nos <strong>gressins<\/strong> sp\u00e9ciaux <strong>sans levure<\/strong> sont artisanaux, bio et fabriqu\u00e9s avec les meilleures mati\u00e8res premi\u00e8res italiennes. Les <strong>gressins artisanaux bio<\/strong> sans levure sont l\u00e9gers et savoureux. Diff\u00e9rents go\u00fbts sont disponibles.<\/p>\n","protected":false},"excerpt":{"rendered":"<p>Gressins bio sans levure pour ceux qui souffrent d&#8217;intol\u00e9rances alimentaires Con\u00e7us pour les personnes souffrant d&#8217;intol\u00e9rances alimentaires, les gressins artisanaux bio sont totalement exempts de levure, \u00e0 la fois chimique et pour la boulangerie. Ils sont cr\u00e9\u00e9s avec de la farine de bl\u00e9, un ingr\u00e9dient parfait qui assure l\u00e9g\u00e8ret\u00e9 et go\u00fbt. Nos gressins sp\u00e9ciaux sans &hellip; <a href=\"https:\/\/www.labuonaterrabio.it\/fr\/produits-bio\/bongri-sans-levure\/\">Continued<\/a><\/p>\n","protected":false},"author":1,"featured_media":284,"parent":76,"menu_order":53,"comment_status":"closed","ping_status":"closed","template":"template-macroprodotti.php","meta":{"_acf_changed":false,"footnotes":""},"class_list":["post-84","page","type-page","status-publish","has-post-thumbnail","hentry"],"acf":[],"yoast_head":"<!-- This site is optimized with the Yoast SEO plugin v27.2 - https:\/\/yoast.com\/product\/yoast-seo-wordpress\/ -->\n<title>Gressins Sans Levure Bio | Gressins Intol\u00e9rances Alimentaires | La Buona Terra Bio<\/title>\n<meta name=\"description\" content=\"Gressins bio sans levure. Con\u00e7us pour les personnes souffrant d&#039;intol\u00e9rances alimentaires, les gressins artisanaux bio sont totalement exempts de levure, \u00e0 la fois chimique et pour la boulangerie.\" \/>\n<meta name=\"robots\" content=\"index, follow, max-snippet:-1, max-image-preview:large, max-video-preview:-1\" \/>\n<link rel=\"canonical\" href=\"https:\/\/www.labuonaterrabio.it\/fr\/produits-bio\/bongri-sans-levure\/\" \/>\n<meta property=\"og:locale\" content=\"fr_FR\" \/>\n<meta property=\"og:type\" content=\"article\" \/>\n<meta property=\"og:title\" content=\"Gressins Sans Levure Bio | Gressins Intol\u00e9rances Alimentaires | La Buona Terra Bio\" \/>\n<meta property=\"og:description\" content=\"Gressins bio sans levure. Con\u00e7us pour les personnes souffrant d&#039;intol\u00e9rances alimentaires, les gressins artisanaux bio sont totalement exempts de levure, \u00e0 la fois chimique et pour la boulangerie.\" \/>\n<meta property=\"og:url\" content=\"https:\/\/www.labuonaterrabio.it\/fr\/produits-bio\/bongri-sans-levure\/\" \/>\n<meta property=\"og:site_name\" content=\"labuonaterrabio fr\" \/>\n<meta property=\"article:modified_time\" content=\"2026-03-24T10:07:58+00:00\" \/>\n<meta property=\"og:image\" content=\"https:\/\/www.labuonaterrabio.it\/fr\/wp-content\/uploads\/sites\/3\/bongri-senza-lievito-1.jpg\" \/>\n\t<meta property=\"og:image:width\" content=\"1290\" \/>\n\t<meta property=\"og:image:height\" content=\"785\" \/>\n\t<meta property=\"og:image:type\" content=\"image\/jpeg\" \/>\n<meta name=\"twitter:card\" content=\"summary_large_image\" \/>\n<meta name=\"twitter:label1\" content=\"Dur\u00e9e de lecture estim\u00e9e\" \/>\n\t<meta name=\"twitter:data1\" content=\"1 minute\" \/>\n<script type=\"application\/ld+json\" class=\"yoast-schema-graph\">{\"@context\":\"https:\/\/schema.org\",\"@graph\":[{\"@type\":\"WebPage\",\"@id\":\"https:\/\/www.labuonaterrabio.it\/fr\/produits-bio\/bongri-sans-levure\/\",\"url\":\"https:\/\/www.labuonaterrabio.it\/fr\/produits-bio\/bongri-sans-levure\/\",\"name\":\"Gressins Sans Levure Bio | Gressins Intol\u00e9rances Alimentaires | La Buona Terra Bio\",\"isPartOf\":{\"@id\":\"https:\/\/www.labuonaterrabio.it\/fr\/#website\"},\"primaryImageOfPage\":{\"@id\":\"https:\/\/www.labuonaterrabio.it\/fr\/produits-bio\/bongri-sans-levure\/#primaryimage\"},\"image\":{\"@id\":\"https:\/\/www.labuonaterrabio.it\/fr\/produits-bio\/bongri-sans-levure\/#primaryimage\"},\"thumbnailUrl\":\"https:\/\/www.labuonaterrabio.it\/fr\/wp-content\/uploads\/sites\/3\/bongri-senza-lievito-1.jpg\",\"datePublished\":\"2021-05-07T10:23:03+00:00\",\"dateModified\":\"2026-03-24T10:07:58+00:00\",\"description\":\"Gressins bio sans levure. Con\u00e7us pour les personnes souffrant d'intol\u00e9rances alimentaires, les gressins artisanaux bio sont totalement exempts de levure, \u00e0 la fois chimique et pour la boulangerie.\",\"breadcrumb\":{\"@id\":\"https:\/\/www.labuonaterrabio.it\/fr\/produits-bio\/bongri-sans-levure\/#breadcrumb\"},\"inLanguage\":\"fr-FR\",\"potentialAction\":[{\"@type\":\"ReadAction\",\"target\":[\"https:\/\/www.labuonaterrabio.it\/fr\/produits-bio\/bongri-sans-levure\/\"]}]},{\"@type\":\"ImageObject\",\"inLanguage\":\"fr-FR\",\"@id\":\"https:\/\/www.labuonaterrabio.it\/fr\/produits-bio\/bongri-sans-levure\/#primaryimage\",\"url\":\"https:\/\/www.labuonaterrabio.it\/fr\/wp-content\/uploads\/sites\/3\/bongri-senza-lievito-1.jpg\",\"contentUrl\":\"https:\/\/www.labuonaterrabio.it\/fr\/wp-content\/uploads\/sites\/3\/bongri-senza-lievito-1.jpg\",\"width\":1290,\"height\":785},{\"@type\":\"BreadcrumbList\",\"@id\":\"https:\/\/www.labuonaterrabio.it\/fr\/produits-bio\/bongri-sans-levure\/#breadcrumb\",\"itemListElement\":[{\"@type\":\"ListItem\",\"position\":1,\"name\":\"Home\",\"item\":\"https:\/\/www.labuonaterrabio.it\/fr\/\"},{\"@type\":\"ListItem\",\"position\":2,\"name\":\"Produits bio\",\"item\":\"https:\/\/www.labuonaterrabio.it\/fr\/produits-bio\/\"},{\"@type\":\"ListItem\",\"position\":3,\"name\":\"Bongr\u00ec Sans Levure\"}]},{\"@type\":\"WebSite\",\"@id\":\"https:\/\/www.labuonaterrabio.it\/fr\/#website\",\"url\":\"https:\/\/www.labuonaterrabio.it\/fr\/\",\"name\":\"labuonaterrabio fr\",\"description\":\"Un nuovo sito targato WordPress\",\"publisher\":{\"@id\":\"https:\/\/www.labuonaterrabio.it\/fr\/#organization\"},\"potentialAction\":[{\"@type\":\"SearchAction\",\"target\":{\"@type\":\"EntryPoint\",\"urlTemplate\":\"https:\/\/www.labuonaterrabio.it\/fr\/?s={search_term_string}\"},\"query-input\":{\"@type\":\"PropertyValueSpecification\",\"valueRequired\":true,\"valueName\":\"search_term_string\"}}],\"inLanguage\":\"fr-FR\"},{\"@type\":\"Organization\",\"@id\":\"https:\/\/www.labuonaterrabio.it\/fr\/#organization\",\"name\":\"La Buona Terra Bio\",\"url\":\"https:\/\/www.labuonaterrabio.it\/fr\/\",\"logo\":{\"@type\":\"ImageObject\",\"inLanguage\":\"fr-FR\",\"@id\":\"https:\/\/www.labuonaterrabio.it\/fr\/#\/schema\/logo\/image\/\",\"url\":\"https:\/\/www.labuonaterrabio.it\/fr\/wp-content\/uploads\/sites\/3\/logo-menu.svg\",\"contentUrl\":\"https:\/\/www.labuonaterrabio.it\/fr\/wp-content\/uploads\/sites\/3\/logo-menu.svg\",\"width\":1,\"height\":1,\"caption\":\"La Buona Terra Bio\"},\"image\":{\"@id\":\"https:\/\/www.labuonaterrabio.it\/fr\/#\/schema\/logo\/image\/\"}}]}<\/script>\n<!-- \/ Yoast SEO plugin. -->","yoast_head_json":{"title":"Gressins Sans Levure Bio | Gressins Intol\u00e9rances Alimentaires | La Buona Terra Bio","description":"Gressins bio sans levure. Con\u00e7us pour les personnes souffrant d'intol\u00e9rances alimentaires, les gressins artisanaux bio sont totalement exempts de levure, \u00e0 la fois chimique et pour la boulangerie.","robots":{"index":"index","follow":"follow","max-snippet":"max-snippet:-1","max-image-preview":"max-image-preview:large","max-video-preview":"max-video-preview:-1"},"canonical":"https:\/\/www.labuonaterrabio.it\/fr\/produits-bio\/bongri-sans-levure\/","og_locale":"fr_FR","og_type":"article","og_title":"Gressins Sans Levure Bio | Gressins Intol\u00e9rances Alimentaires | La Buona Terra Bio","og_description":"Gressins bio sans levure. Con\u00e7us pour les personnes souffrant d'intol\u00e9rances alimentaires, les gressins artisanaux bio sont totalement exempts de levure, \u00e0 la fois chimique et pour la boulangerie.","og_url":"https:\/\/www.labuonaterrabio.it\/fr\/produits-bio\/bongri-sans-levure\/","og_site_name":"labuonaterrabio fr","article_modified_time":"2026-03-24T10:07:58+00:00","og_image":[{"width":1290,"height":785,"url":"https:\/\/www.labuonaterrabio.it\/fr\/wp-content\/uploads\/sites\/3\/bongri-senza-lievito-1.jpg","type":"image\/jpeg"}],"twitter_card":"summary_large_image","twitter_misc":{"Dur\u00e9e de lecture estim\u00e9e":"1 minute"},"schema":{"@context":"https:\/\/schema.org","@graph":[{"@type":"WebPage","@id":"https:\/\/www.labuonaterrabio.it\/fr\/produits-bio\/bongri-sans-levure\/","url":"https:\/\/www.labuonaterrabio.it\/fr\/produits-bio\/bongri-sans-levure\/","name":"Gressins Sans Levure Bio | Gressins Intol\u00e9rances Alimentaires | La Buona Terra Bio","isPartOf":{"@id":"https:\/\/www.labuonaterrabio.it\/fr\/#website"},"primaryImageOfPage":{"@id":"https:\/\/www.labuonaterrabio.it\/fr\/produits-bio\/bongri-sans-levure\/#primaryimage"},"image":{"@id":"https:\/\/www.labuonaterrabio.it\/fr\/produits-bio\/bongri-sans-levure\/#primaryimage"},"thumbnailUrl":"https:\/\/www.labuonaterrabio.it\/fr\/wp-content\/uploads\/sites\/3\/bongri-senza-lievito-1.jpg","datePublished":"2021-05-07T10:23:03+00:00","dateModified":"2026-03-24T10:07:58+00:00","description":"Gressins bio sans levure. Con\u00e7us pour les personnes souffrant d'intol\u00e9rances alimentaires, les gressins artisanaux bio sont totalement exempts de levure, \u00e0 la fois chimique et pour la boulangerie.","breadcrumb":{"@id":"https:\/\/www.labuonaterrabio.it\/fr\/produits-bio\/bongri-sans-levure\/#breadcrumb"},"inLanguage":"fr-FR","potentialAction":[{"@type":"ReadAction","target":["https:\/\/www.labuonaterrabio.it\/fr\/produits-bio\/bongri-sans-levure\/"]}]},{"@type":"ImageObject","inLanguage":"fr-FR","@id":"https:\/\/www.labuonaterrabio.it\/fr\/produits-bio\/bongri-sans-levure\/#primaryimage","url":"https:\/\/www.labuonaterrabio.it\/fr\/wp-content\/uploads\/sites\/3\/bongri-senza-lievito-1.jpg","contentUrl":"https:\/\/www.labuonaterrabio.it\/fr\/wp-content\/uploads\/sites\/3\/bongri-senza-lievito-1.jpg","width":1290,"height":785},{"@type":"BreadcrumbList","@id":"https:\/\/www.labuonaterrabio.it\/fr\/produits-bio\/bongri-sans-levure\/#breadcrumb","itemListElement":[{"@type":"ListItem","position":1,"name":"Home","item":"https:\/\/www.labuonaterrabio.it\/fr\/"},{"@type":"ListItem","position":2,"name":"Produits bio","item":"https:\/\/www.labuonaterrabio.it\/fr\/produits-bio\/"},{"@type":"ListItem","position":3,"name":"Bongr\u00ec Sans Levure"}]},{"@type":"WebSite","@id":"https:\/\/www.labuonaterrabio.it\/fr\/#website","url":"https:\/\/www.labuonaterrabio.it\/fr\/","name":"labuonaterrabio fr","description":"Un nuovo sito targato WordPress","publisher":{"@id":"https:\/\/www.labuonaterrabio.it\/fr\/#organization"},"potentialAction":[{"@type":"SearchAction","target":{"@type":"EntryPoint","urlTemplate":"https:\/\/www.labuonaterrabio.it\/fr\/?s={search_term_string}"},"query-input":{"@type":"PropertyValueSpecification","valueRequired":true,"valueName":"search_term_string"}}],"inLanguage":"fr-FR"},{"@type":"Organization","@id":"https:\/\/www.labuonaterrabio.it\/fr\/#organization","name":"La Buona Terra Bio","url":"https:\/\/www.labuonaterrabio.it\/fr\/","logo":{"@type":"ImageObject","inLanguage":"fr-FR","@id":"https:\/\/www.labuonaterrabio.it\/fr\/#\/schema\/logo\/image\/","url":"https:\/\/www.labuonaterrabio.it\/fr\/wp-content\/uploads\/sites\/3\/logo-menu.svg","contentUrl":"https:\/\/www.labuonaterrabio.it\/fr\/wp-content\/uploads\/sites\/3\/logo-menu.svg","width":1,"height":1,"caption":"La Buona Terra Bio"},"image":{"@id":"https:\/\/www.labuonaterrabio.it\/fr\/#\/schema\/logo\/image\/"}}]}},"_links":{"self":[{"href":"https:\/\/www.labuonaterrabio.it\/fr\/wp-json\/wp\/v2\/pages\/84","targetHints":{"allow":["GET"]}}],"collection":[{"href":"https:\/\/www.labuonaterrabio.it\/fr\/wp-json\/wp\/v2\/pages"}],"about":[{"href":"https:\/\/www.labuonaterrabio.it\/fr\/wp-json\/wp\/v2\/types\/page"}],"author":[{"embeddable":true,"href":"https:\/\/www.labuonaterrabio.it\/fr\/wp-json\/wp\/v2\/users\/1"}],"replies":[{"embeddable":true,"href":"https:\/\/www.labuonaterrabio.it\/fr\/wp-json\/wp\/v2\/comments?post=84"}],"version-history":[{"count":14,"href":"https:\/\/www.labuonaterrabio.it\/fr\/wp-json\/wp\/v2\/pages\/84\/revisions"}],"predecessor-version":[{"id":1800,"href":"https:\/\/www.labuonaterrabio.it\/fr\/wp-json\/wp\/v2\/pages\/84\/revisions\/1800"}],"up":[{"embeddable":true,"href":"https:\/\/www.labuonaterrabio.it\/fr\/wp-json\/wp\/v2\/pages\/76"}],"wp:featuredmedia":[{"embeddable":true,"href":"https:\/\/www.labuonaterrabio.it\/fr\/wp-json\/wp\/v2\/media\/284"}],"wp:attachment":[{"href":"https:\/\/www.labuonaterrabio.it\/fr\/wp-json\/wp\/v2\/media?parent=84"}],"curies":[{"name":"wp","href":"https:\/\/api.w.org\/{rel}","templated":true}]}}