{"id":82,"date":"2021-05-07T12:22:41","date_gmt":"2021-05-07T10:22:41","guid":{"rendered":"http:\/\/www.labuonaterrabio.it\/fr\/?page_id=82"},"modified":"2021-07-06T17:24:22","modified_gmt":"2021-07-06T15:24:22","slug":"bongri","status":"publish","type":"page","link":"https:\/\/www.labuonaterrabio.it\/fr\/produits-bio\/bongri\/","title":{"rendered":"Bongr\u00ec"},"content":{"rendered":"<h2>Gressins artisanaux bio, tr\u00e8s parfum\u00e9s<\/h2>\n<p>Nos <strong>gressins artisanaux et bio<\/strong> sont n\u00e9s d&#8217;un processus de fabrication lent et naturel qui les rend parfum\u00e9s et savoureux. Les meilleures mati\u00e8res premi\u00e8res donnent aux <strong>gressins artisanaux<\/strong> ce go\u00fbt naturel et cette touche croustillante. \u00c0 d\u00e9guster sans mod\u00e9ration \u00e0 table ou entre les repas. Les <strong>gressins artisanaux bio<\/strong> sont disponibles avec et sans levure, \u00e0 la fois pour ceux qui appr\u00e9cient le go\u00fbt des <strong>gressins<\/strong> faits uniquement avec des <strong>ingr\u00e9dients<\/strong> simples et authentiques tels que la farine, l&#8217;huile, la levure et le sel, et pour ceux qui souffrent d&#8217;intol\u00e9rances alimentaires et qui ne veulent pas renoncer au go\u00fbt du vrai pain.<\/p>\n","protected":false},"excerpt":{"rendered":"<p>Gressins artisanaux bio, tr\u00e8s parfum\u00e9s Nos gressins artisanaux et bio sont n\u00e9s d&#8217;un processus de fabrication lent et naturel qui les rend parfum\u00e9s et savoureux. Les meilleures mati\u00e8res premi\u00e8res donnent aux gressins artisanaux ce go\u00fbt naturel et cette touche croustillante. \u00c0 d\u00e9guster sans mod\u00e9ration \u00e0 table ou entre les repas. Les gressins artisanaux bio sont &hellip; <a href=\"https:\/\/www.labuonaterrabio.it\/fr\/produits-bio\/bongri\/\">Continued<\/a><\/p>\n","protected":false},"author":1,"featured_media":285,"parent":76,"menu_order":46,"comment_status":"closed","ping_status":"closed","template":"template-macroprodotti.php","meta":{"_acf_changed":false,"footnotes":""},"class_list":["post-82","page","type-page","status-publish","has-post-thumbnail","hentry"],"acf":[],"yoast_head":"<!-- This site is optimized with the Yoast SEO plugin v27.2 - https:\/\/yoast.com\/product\/yoast-seo-wordpress\/ -->\n<title>Gressins Bio et Complets | Gressins Artisanaux | La Buona Terra Bio<\/title>\n<meta name=\"description\" content=\"Des gressins bio et complets \u00e0 la fabrication lente, cr\u00e9\u00e9s avec des mati\u00e8res premi\u00e8res naturelles rigoureusement s\u00e9lectionn\u00e9es, pour des produits uniques et au go\u00fbt unique.\" \/>\n<meta name=\"robots\" content=\"index, follow, max-snippet:-1, max-image-preview:large, max-video-preview:-1\" \/>\n<link rel=\"canonical\" href=\"https:\/\/www.labuonaterrabio.it\/fr\/produits-bio\/bongri\/\" \/>\n<meta property=\"og:locale\" content=\"fr_FR\" \/>\n<meta property=\"og:type\" content=\"article\" \/>\n<meta property=\"og:title\" content=\"Gressins Bio et Complets | Gressins Artisanaux | La Buona Terra Bio\" \/>\n<meta property=\"og:description\" content=\"Des gressins bio et complets \u00e0 la fabrication lente, cr\u00e9\u00e9s avec des mati\u00e8res premi\u00e8res naturelles rigoureusement s\u00e9lectionn\u00e9es, pour des produits uniques et au go\u00fbt unique.\" \/>\n<meta property=\"og:url\" content=\"https:\/\/www.labuonaterrabio.it\/fr\/produits-bio\/bongri\/\" \/>\n<meta property=\"og:site_name\" content=\"labuonaterrabio fr\" \/>\n<meta property=\"article:modified_time\" content=\"2021-07-06T15:24:22+00:00\" \/>\n<meta property=\"og:image\" content=\"https:\/\/www.labuonaterrabio.it\/fr\/wp-content\/uploads\/sites\/3\/bongri-1.jpg\" \/>\n\t<meta property=\"og:image:width\" content=\"1290\" \/>\n\t<meta property=\"og:image:height\" content=\"785\" \/>\n\t<meta property=\"og:image:type\" content=\"image\/jpeg\" \/>\n<meta name=\"twitter:card\" content=\"summary_large_image\" \/>\n<meta name=\"twitter:label1\" content=\"Dur\u00e9e de lecture estim\u00e9e\" \/>\n\t<meta name=\"twitter:data1\" content=\"1 minute\" \/>\n<script type=\"application\/ld+json\" class=\"yoast-schema-graph\">{\"@context\":\"https:\/\/schema.org\",\"@graph\":[{\"@type\":\"WebPage\",\"@id\":\"https:\/\/www.labuonaterrabio.it\/fr\/produits-bio\/bongri\/\",\"url\":\"https:\/\/www.labuonaterrabio.it\/fr\/produits-bio\/bongri\/\",\"name\":\"Gressins Bio et Complets | Gressins Artisanaux | La Buona Terra Bio\",\"isPartOf\":{\"@id\":\"https:\/\/www.labuonaterrabio.it\/fr\/#website\"},\"primaryImageOfPage\":{\"@id\":\"https:\/\/www.labuonaterrabio.it\/fr\/produits-bio\/bongri\/#primaryimage\"},\"image\":{\"@id\":\"https:\/\/www.labuonaterrabio.it\/fr\/produits-bio\/bongri\/#primaryimage\"},\"thumbnailUrl\":\"https:\/\/www.labuonaterrabio.it\/fr\/wp-content\/uploads\/sites\/3\/bongri-1.jpg\",\"datePublished\":\"2021-05-07T10:22:41+00:00\",\"dateModified\":\"2021-07-06T15:24:22+00:00\",\"description\":\"Des gressins bio et complets \u00e0 la fabrication lente, cr\u00e9\u00e9s avec des mati\u00e8res premi\u00e8res naturelles rigoureusement s\u00e9lectionn\u00e9es, pour des produits uniques et au go\u00fbt unique.\",\"breadcrumb\":{\"@id\":\"https:\/\/www.labuonaterrabio.it\/fr\/produits-bio\/bongri\/#breadcrumb\"},\"inLanguage\":\"fr-FR\",\"potentialAction\":[{\"@type\":\"ReadAction\",\"target\":[\"https:\/\/www.labuonaterrabio.it\/fr\/produits-bio\/bongri\/\"]}]},{\"@type\":\"ImageObject\",\"inLanguage\":\"fr-FR\",\"@id\":\"https:\/\/www.labuonaterrabio.it\/fr\/produits-bio\/bongri\/#primaryimage\",\"url\":\"https:\/\/www.labuonaterrabio.it\/fr\/wp-content\/uploads\/sites\/3\/bongri-1.jpg\",\"contentUrl\":\"https:\/\/www.labuonaterrabio.it\/fr\/wp-content\/uploads\/sites\/3\/bongri-1.jpg\",\"width\":1290,\"height\":785},{\"@type\":\"BreadcrumbList\",\"@id\":\"https:\/\/www.labuonaterrabio.it\/fr\/produits-bio\/bongri\/#breadcrumb\",\"itemListElement\":[{\"@type\":\"ListItem\",\"position\":1,\"name\":\"Home\",\"item\":\"https:\/\/www.labuonaterrabio.it\/fr\/\"},{\"@type\":\"ListItem\",\"position\":2,\"name\":\"Produits bio\",\"item\":\"https:\/\/www.labuonaterrabio.it\/fr\/produits-bio\/\"},{\"@type\":\"ListItem\",\"position\":3,\"name\":\"Bongr\u00ec\"}]},{\"@type\":\"WebSite\",\"@id\":\"https:\/\/www.labuonaterrabio.it\/fr\/#website\",\"url\":\"https:\/\/www.labuonaterrabio.it\/fr\/\",\"name\":\"labuonaterrabio fr\",\"description\":\"Un nuovo sito targato WordPress\",\"publisher\":{\"@id\":\"https:\/\/www.labuonaterrabio.it\/fr\/#organization\"},\"potentialAction\":[{\"@type\":\"SearchAction\",\"target\":{\"@type\":\"EntryPoint\",\"urlTemplate\":\"https:\/\/www.labuonaterrabio.it\/fr\/?s={search_term_string}\"},\"query-input\":{\"@type\":\"PropertyValueSpecification\",\"valueRequired\":true,\"valueName\":\"search_term_string\"}}],\"inLanguage\":\"fr-FR\"},{\"@type\":\"Organization\",\"@id\":\"https:\/\/www.labuonaterrabio.it\/fr\/#organization\",\"name\":\"La Buona Terra Bio\",\"url\":\"https:\/\/www.labuonaterrabio.it\/fr\/\",\"logo\":{\"@type\":\"ImageObject\",\"inLanguage\":\"fr-FR\",\"@id\":\"https:\/\/www.labuonaterrabio.it\/fr\/#\/schema\/logo\/image\/\",\"url\":\"https:\/\/www.labuonaterrabio.it\/fr\/wp-content\/uploads\/sites\/3\/logo-menu.svg\",\"contentUrl\":\"https:\/\/www.labuonaterrabio.it\/fr\/wp-content\/uploads\/sites\/3\/logo-menu.svg\",\"width\":1,\"height\":1,\"caption\":\"La Buona Terra Bio\"},\"image\":{\"@id\":\"https:\/\/www.labuonaterrabio.it\/fr\/#\/schema\/logo\/image\/\"}}]}<\/script>\n<!-- \/ Yoast SEO plugin. -->","yoast_head_json":{"title":"Gressins Bio et Complets | Gressins Artisanaux | La Buona Terra Bio","description":"Des gressins bio et complets \u00e0 la fabrication lente, cr\u00e9\u00e9s avec des mati\u00e8res premi\u00e8res naturelles rigoureusement s\u00e9lectionn\u00e9es, pour des produits uniques et au go\u00fbt unique.","robots":{"index":"index","follow":"follow","max-snippet":"max-snippet:-1","max-image-preview":"max-image-preview:large","max-video-preview":"max-video-preview:-1"},"canonical":"https:\/\/www.labuonaterrabio.it\/fr\/produits-bio\/bongri\/","og_locale":"fr_FR","og_type":"article","og_title":"Gressins Bio et Complets | Gressins Artisanaux | La Buona Terra Bio","og_description":"Des gressins bio et complets \u00e0 la fabrication lente, cr\u00e9\u00e9s avec des mati\u00e8res premi\u00e8res naturelles rigoureusement s\u00e9lectionn\u00e9es, pour des produits uniques et au go\u00fbt unique.","og_url":"https:\/\/www.labuonaterrabio.it\/fr\/produits-bio\/bongri\/","og_site_name":"labuonaterrabio fr","article_modified_time":"2021-07-06T15:24:22+00:00","og_image":[{"width":1290,"height":785,"url":"https:\/\/www.labuonaterrabio.it\/fr\/wp-content\/uploads\/sites\/3\/bongri-1.jpg","type":"image\/jpeg"}],"twitter_card":"summary_large_image","twitter_misc":{"Dur\u00e9e de lecture estim\u00e9e":"1 minute"},"schema":{"@context":"https:\/\/schema.org","@graph":[{"@type":"WebPage","@id":"https:\/\/www.labuonaterrabio.it\/fr\/produits-bio\/bongri\/","url":"https:\/\/www.labuonaterrabio.it\/fr\/produits-bio\/bongri\/","name":"Gressins Bio et Complets | Gressins Artisanaux | La Buona Terra Bio","isPartOf":{"@id":"https:\/\/www.labuonaterrabio.it\/fr\/#website"},"primaryImageOfPage":{"@id":"https:\/\/www.labuonaterrabio.it\/fr\/produits-bio\/bongri\/#primaryimage"},"image":{"@id":"https:\/\/www.labuonaterrabio.it\/fr\/produits-bio\/bongri\/#primaryimage"},"thumbnailUrl":"https:\/\/www.labuonaterrabio.it\/fr\/wp-content\/uploads\/sites\/3\/bongri-1.jpg","datePublished":"2021-05-07T10:22:41+00:00","dateModified":"2021-07-06T15:24:22+00:00","description":"Des gressins bio et complets \u00e0 la fabrication lente, cr\u00e9\u00e9s avec des mati\u00e8res premi\u00e8res naturelles rigoureusement s\u00e9lectionn\u00e9es, pour des produits uniques et au go\u00fbt unique.","breadcrumb":{"@id":"https:\/\/www.labuonaterrabio.it\/fr\/produits-bio\/bongri\/#breadcrumb"},"inLanguage":"fr-FR","potentialAction":[{"@type":"ReadAction","target":["https:\/\/www.labuonaterrabio.it\/fr\/produits-bio\/bongri\/"]}]},{"@type":"ImageObject","inLanguage":"fr-FR","@id":"https:\/\/www.labuonaterrabio.it\/fr\/produits-bio\/bongri\/#primaryimage","url":"https:\/\/www.labuonaterrabio.it\/fr\/wp-content\/uploads\/sites\/3\/bongri-1.jpg","contentUrl":"https:\/\/www.labuonaterrabio.it\/fr\/wp-content\/uploads\/sites\/3\/bongri-1.jpg","width":1290,"height":785},{"@type":"BreadcrumbList","@id":"https:\/\/www.labuonaterrabio.it\/fr\/produits-bio\/bongri\/#breadcrumb","itemListElement":[{"@type":"ListItem","position":1,"name":"Home","item":"https:\/\/www.labuonaterrabio.it\/fr\/"},{"@type":"ListItem","position":2,"name":"Produits bio","item":"https:\/\/www.labuonaterrabio.it\/fr\/produits-bio\/"},{"@type":"ListItem","position":3,"name":"Bongr\u00ec"}]},{"@type":"WebSite","@id":"https:\/\/www.labuonaterrabio.it\/fr\/#website","url":"https:\/\/www.labuonaterrabio.it\/fr\/","name":"labuonaterrabio fr","description":"Un nuovo sito targato WordPress","publisher":{"@id":"https:\/\/www.labuonaterrabio.it\/fr\/#organization"},"potentialAction":[{"@type":"SearchAction","target":{"@type":"EntryPoint","urlTemplate":"https:\/\/www.labuonaterrabio.it\/fr\/?s={search_term_string}"},"query-input":{"@type":"PropertyValueSpecification","valueRequired":true,"valueName":"search_term_string"}}],"inLanguage":"fr-FR"},{"@type":"Organization","@id":"https:\/\/www.labuonaterrabio.it\/fr\/#organization","name":"La Buona Terra Bio","url":"https:\/\/www.labuonaterrabio.it\/fr\/","logo":{"@type":"ImageObject","inLanguage":"fr-FR","@id":"https:\/\/www.labuonaterrabio.it\/fr\/#\/schema\/logo\/image\/","url":"https:\/\/www.labuonaterrabio.it\/fr\/wp-content\/uploads\/sites\/3\/logo-menu.svg","contentUrl":"https:\/\/www.labuonaterrabio.it\/fr\/wp-content\/uploads\/sites\/3\/logo-menu.svg","width":1,"height":1,"caption":"La Buona Terra Bio"},"image":{"@id":"https:\/\/www.labuonaterrabio.it\/fr\/#\/schema\/logo\/image\/"}}]}},"_links":{"self":[{"href":"https:\/\/www.labuonaterrabio.it\/fr\/wp-json\/wp\/v2\/pages\/82","targetHints":{"allow":["GET"]}}],"collection":[{"href":"https:\/\/www.labuonaterrabio.it\/fr\/wp-json\/wp\/v2\/pages"}],"about":[{"href":"https:\/\/www.labuonaterrabio.it\/fr\/wp-json\/wp\/v2\/types\/page"}],"author":[{"embeddable":true,"href":"https:\/\/www.labuonaterrabio.it\/fr\/wp-json\/wp\/v2\/users\/1"}],"replies":[{"embeddable":true,"href":"https:\/\/www.labuonaterrabio.it\/fr\/wp-json\/wp\/v2\/comments?post=82"}],"version-history":[{"count":15,"href":"https:\/\/www.labuonaterrabio.it\/fr\/wp-json\/wp\/v2\/pages\/82\/revisions"}],"predecessor-version":[{"id":1446,"href":"https:\/\/www.labuonaterrabio.it\/fr\/wp-json\/wp\/v2\/pages\/82\/revisions\/1446"}],"up":[{"embeddable":true,"href":"https:\/\/www.labuonaterrabio.it\/fr\/wp-json\/wp\/v2\/pages\/76"}],"wp:featuredmedia":[{"embeddable":true,"href":"https:\/\/www.labuonaterrabio.it\/fr\/wp-json\/wp\/v2\/media\/285"}],"wp:attachment":[{"href":"https:\/\/www.labuonaterrabio.it\/fr\/wp-json\/wp\/v2\/media?parent=82"}],"curies":[{"name":"wp","href":"https:\/\/api.w.org\/{rel}","templated":true}]}}