{"id":80,"date":"2021-05-07T12:22:24","date_gmt":"2021-05-07T10:22:24","guid":{"rendered":"http:\/\/www.labuonaterrabio.it\/fr\/?page_id=80"},"modified":"2022-07-01T17:56:08","modified_gmt":"2022-07-01T15:56:08","slug":"corti-di-pane","status":"publish","type":"page","link":"https:\/\/www.labuonaterrabio.it\/fr\/produits-bio\/corti-di-pane\/","title":{"rendered":"Corti di Pane"},"content":{"rendered":"<h2>Mini gressins artisanaux bio, snack tr\u00e8s savoureux<\/h2>\n<p>Bio, artisanaux et au levain naturel : nos <strong>mini gressins<\/strong> artisanaux sont le <strong>snack<\/strong> id\u00e9al \u00e0 d\u00e9guster \u00e0 tout moment de la journ\u00e9e. Pratiques, ils peuvent \u00eatre emporter n&#8217;importe o\u00f9. Vous pouvez les manger lors d&#8217;un ap\u00e9ritif entre amis, pour assouvir cette langueur du milieu de matin\u00e9e, comme collation l&#8217;apr\u00e8s-midi, ou encore pendant le d\u00e9jeuner et le d\u00eener. Le parfum et le go\u00fbt unique de nos <strong>mini-gressins bio<\/strong> sont parfaits pour toutes les occasions.<\/p>\n","protected":false},"excerpt":{"rendered":"<p>Mini gressins artisanaux bio, snack tr\u00e8s savoureux Bio, artisanaux et au levain naturel : nos mini gressins artisanaux sont le snack id\u00e9al \u00e0 d\u00e9guster \u00e0 tout moment de la journ\u00e9e. Pratiques, ils peuvent \u00eatre emporter n&#8217;importe o\u00f9. Vous pouvez les manger lors d&#8217;un ap\u00e9ritif entre amis, pour assouvir cette langueur du milieu de matin\u00e9e, comme &hellip; <a href=\"https:\/\/www.labuonaterrabio.it\/fr\/produits-bio\/corti-di-pane\/\">Continued<\/a><\/p>\n","protected":false},"author":1,"featured_media":286,"parent":76,"menu_order":40,"comment_status":"closed","ping_status":"closed","template":"template-macroprodotti.php","meta":{"_acf_changed":false,"footnotes":""},"class_list":["post-80","page","type-page","status-publish","has-post-thumbnail","hentry"],"acf":[],"yoast_head":"<!-- This site is optimized with the Yoast SEO plugin v27.2 - https:\/\/yoast.com\/product\/yoast-seo-wordpress\/ -->\n<title>Mini Gressins Artisanaux Bio | Mini Gressins | La Buona Terra Bio<\/title>\n<meta name=\"description\" content=\"Mini gressins artisanaux Bio, id\u00e9aux \u00e0 tout moment de la journ\u00e9e, mini gressins artisanaux et au levain naturel pour des produits bio au go\u00fbt unique.\" \/>\n<meta name=\"robots\" content=\"index, follow, max-snippet:-1, max-image-preview:large, max-video-preview:-1\" \/>\n<link rel=\"canonical\" href=\"https:\/\/www.labuonaterrabio.it\/fr\/produits-bio\/corti-di-pane\/\" \/>\n<meta property=\"og:locale\" content=\"fr_FR\" \/>\n<meta property=\"og:type\" content=\"article\" \/>\n<meta property=\"og:title\" content=\"Mini Gressins Artisanaux Bio | Mini Gressins | La Buona Terra Bio\" \/>\n<meta property=\"og:description\" content=\"Mini gressins artisanaux Bio, id\u00e9aux \u00e0 tout moment de la journ\u00e9e, mini gressins artisanaux et au levain naturel pour des produits bio au go\u00fbt unique.\" \/>\n<meta property=\"og:url\" content=\"https:\/\/www.labuonaterrabio.it\/fr\/produits-bio\/corti-di-pane\/\" \/>\n<meta property=\"og:site_name\" content=\"labuonaterrabio fr\" \/>\n<meta property=\"article:modified_time\" content=\"2022-07-01T15:56:08+00:00\" \/>\n<meta property=\"og:image\" content=\"https:\/\/www.labuonaterrabio.it\/fr\/wp-content\/uploads\/sites\/3\/corti-di-pane-1.jpg\" \/>\n\t<meta property=\"og:image:width\" content=\"1290\" \/>\n\t<meta property=\"og:image:height\" content=\"785\" \/>\n\t<meta property=\"og:image:type\" content=\"image\/jpeg\" \/>\n<meta name=\"twitter:card\" content=\"summary_large_image\" \/>\n<meta name=\"twitter:label1\" content=\"Dur\u00e9e de lecture estim\u00e9e\" \/>\n\t<meta name=\"twitter:data1\" content=\"1 minute\" \/>\n<script type=\"application\/ld+json\" class=\"yoast-schema-graph\">{\"@context\":\"https:\/\/schema.org\",\"@graph\":[{\"@type\":\"WebPage\",\"@id\":\"https:\/\/www.labuonaterrabio.it\/fr\/produits-bio\/corti-di-pane\/\",\"url\":\"https:\/\/www.labuonaterrabio.it\/fr\/produits-bio\/corti-di-pane\/\",\"name\":\"Mini Gressins Artisanaux Bio | Mini Gressins | La Buona Terra Bio\",\"isPartOf\":{\"@id\":\"https:\/\/www.labuonaterrabio.it\/fr\/#website\"},\"primaryImageOfPage\":{\"@id\":\"https:\/\/www.labuonaterrabio.it\/fr\/produits-bio\/corti-di-pane\/#primaryimage\"},\"image\":{\"@id\":\"https:\/\/www.labuonaterrabio.it\/fr\/produits-bio\/corti-di-pane\/#primaryimage\"},\"thumbnailUrl\":\"https:\/\/www.labuonaterrabio.it\/fr\/wp-content\/uploads\/sites\/3\/corti-di-pane-1.jpg\",\"datePublished\":\"2021-05-07T10:22:24+00:00\",\"dateModified\":\"2022-07-01T15:56:08+00:00\",\"description\":\"Mini gressins artisanaux Bio, id\u00e9aux \u00e0 tout moment de la journ\u00e9e, mini gressins artisanaux et au levain naturel pour des produits bio au go\u00fbt unique.\",\"breadcrumb\":{\"@id\":\"https:\/\/www.labuonaterrabio.it\/fr\/produits-bio\/corti-di-pane\/#breadcrumb\"},\"inLanguage\":\"fr-FR\",\"potentialAction\":[{\"@type\":\"ReadAction\",\"target\":[\"https:\/\/www.labuonaterrabio.it\/fr\/produits-bio\/corti-di-pane\/\"]}]},{\"@type\":\"ImageObject\",\"inLanguage\":\"fr-FR\",\"@id\":\"https:\/\/www.labuonaterrabio.it\/fr\/produits-bio\/corti-di-pane\/#primaryimage\",\"url\":\"https:\/\/www.labuonaterrabio.it\/fr\/wp-content\/uploads\/sites\/3\/corti-di-pane-1.jpg\",\"contentUrl\":\"https:\/\/www.labuonaterrabio.it\/fr\/wp-content\/uploads\/sites\/3\/corti-di-pane-1.jpg\",\"width\":1290,\"height\":785},{\"@type\":\"BreadcrumbList\",\"@id\":\"https:\/\/www.labuonaterrabio.it\/fr\/produits-bio\/corti-di-pane\/#breadcrumb\",\"itemListElement\":[{\"@type\":\"ListItem\",\"position\":1,\"name\":\"Home\",\"item\":\"https:\/\/www.labuonaterrabio.it\/fr\/\"},{\"@type\":\"ListItem\",\"position\":2,\"name\":\"Produits bio\",\"item\":\"https:\/\/www.labuonaterrabio.it\/fr\/produits-bio\/\"},{\"@type\":\"ListItem\",\"position\":3,\"name\":\"Corti di Pane\"}]},{\"@type\":\"WebSite\",\"@id\":\"https:\/\/www.labuonaterrabio.it\/fr\/#website\",\"url\":\"https:\/\/www.labuonaterrabio.it\/fr\/\",\"name\":\"labuonaterrabio fr\",\"description\":\"Un nuovo sito targato WordPress\",\"publisher\":{\"@id\":\"https:\/\/www.labuonaterrabio.it\/fr\/#organization\"},\"potentialAction\":[{\"@type\":\"SearchAction\",\"target\":{\"@type\":\"EntryPoint\",\"urlTemplate\":\"https:\/\/www.labuonaterrabio.it\/fr\/?s={search_term_string}\"},\"query-input\":{\"@type\":\"PropertyValueSpecification\",\"valueRequired\":true,\"valueName\":\"search_term_string\"}}],\"inLanguage\":\"fr-FR\"},{\"@type\":\"Organization\",\"@id\":\"https:\/\/www.labuonaterrabio.it\/fr\/#organization\",\"name\":\"La Buona Terra Bio\",\"url\":\"https:\/\/www.labuonaterrabio.it\/fr\/\",\"logo\":{\"@type\":\"ImageObject\",\"inLanguage\":\"fr-FR\",\"@id\":\"https:\/\/www.labuonaterrabio.it\/fr\/#\/schema\/logo\/image\/\",\"url\":\"https:\/\/www.labuonaterrabio.it\/fr\/wp-content\/uploads\/sites\/3\/logo-menu.svg\",\"contentUrl\":\"https:\/\/www.labuonaterrabio.it\/fr\/wp-content\/uploads\/sites\/3\/logo-menu.svg\",\"width\":1,\"height\":1,\"caption\":\"La Buona Terra Bio\"},\"image\":{\"@id\":\"https:\/\/www.labuonaterrabio.it\/fr\/#\/schema\/logo\/image\/\"}}]}<\/script>\n<!-- \/ Yoast SEO plugin. -->","yoast_head_json":{"title":"Mini Gressins Artisanaux Bio | Mini Gressins | La Buona Terra Bio","description":"Mini gressins artisanaux Bio, id\u00e9aux \u00e0 tout moment de la journ\u00e9e, mini gressins artisanaux et au levain naturel pour des produits bio au go\u00fbt unique.","robots":{"index":"index","follow":"follow","max-snippet":"max-snippet:-1","max-image-preview":"max-image-preview:large","max-video-preview":"max-video-preview:-1"},"canonical":"https:\/\/www.labuonaterrabio.it\/fr\/produits-bio\/corti-di-pane\/","og_locale":"fr_FR","og_type":"article","og_title":"Mini Gressins Artisanaux Bio | Mini Gressins | La Buona Terra Bio","og_description":"Mini gressins artisanaux Bio, id\u00e9aux \u00e0 tout moment de la journ\u00e9e, mini gressins artisanaux et au levain naturel pour des produits bio au go\u00fbt unique.","og_url":"https:\/\/www.labuonaterrabio.it\/fr\/produits-bio\/corti-di-pane\/","og_site_name":"labuonaterrabio fr","article_modified_time":"2022-07-01T15:56:08+00:00","og_image":[{"width":1290,"height":785,"url":"https:\/\/www.labuonaterrabio.it\/fr\/wp-content\/uploads\/sites\/3\/corti-di-pane-1.jpg","type":"image\/jpeg"}],"twitter_card":"summary_large_image","twitter_misc":{"Dur\u00e9e de lecture estim\u00e9e":"1 minute"},"schema":{"@context":"https:\/\/schema.org","@graph":[{"@type":"WebPage","@id":"https:\/\/www.labuonaterrabio.it\/fr\/produits-bio\/corti-di-pane\/","url":"https:\/\/www.labuonaterrabio.it\/fr\/produits-bio\/corti-di-pane\/","name":"Mini Gressins Artisanaux Bio | Mini Gressins | La Buona Terra Bio","isPartOf":{"@id":"https:\/\/www.labuonaterrabio.it\/fr\/#website"},"primaryImageOfPage":{"@id":"https:\/\/www.labuonaterrabio.it\/fr\/produits-bio\/corti-di-pane\/#primaryimage"},"image":{"@id":"https:\/\/www.labuonaterrabio.it\/fr\/produits-bio\/corti-di-pane\/#primaryimage"},"thumbnailUrl":"https:\/\/www.labuonaterrabio.it\/fr\/wp-content\/uploads\/sites\/3\/corti-di-pane-1.jpg","datePublished":"2021-05-07T10:22:24+00:00","dateModified":"2022-07-01T15:56:08+00:00","description":"Mini gressins artisanaux Bio, id\u00e9aux \u00e0 tout moment de la journ\u00e9e, mini gressins artisanaux et au levain naturel pour des produits bio au go\u00fbt unique.","breadcrumb":{"@id":"https:\/\/www.labuonaterrabio.it\/fr\/produits-bio\/corti-di-pane\/#breadcrumb"},"inLanguage":"fr-FR","potentialAction":[{"@type":"ReadAction","target":["https:\/\/www.labuonaterrabio.it\/fr\/produits-bio\/corti-di-pane\/"]}]},{"@type":"ImageObject","inLanguage":"fr-FR","@id":"https:\/\/www.labuonaterrabio.it\/fr\/produits-bio\/corti-di-pane\/#primaryimage","url":"https:\/\/www.labuonaterrabio.it\/fr\/wp-content\/uploads\/sites\/3\/corti-di-pane-1.jpg","contentUrl":"https:\/\/www.labuonaterrabio.it\/fr\/wp-content\/uploads\/sites\/3\/corti-di-pane-1.jpg","width":1290,"height":785},{"@type":"BreadcrumbList","@id":"https:\/\/www.labuonaterrabio.it\/fr\/produits-bio\/corti-di-pane\/#breadcrumb","itemListElement":[{"@type":"ListItem","position":1,"name":"Home","item":"https:\/\/www.labuonaterrabio.it\/fr\/"},{"@type":"ListItem","position":2,"name":"Produits bio","item":"https:\/\/www.labuonaterrabio.it\/fr\/produits-bio\/"},{"@type":"ListItem","position":3,"name":"Corti di Pane"}]},{"@type":"WebSite","@id":"https:\/\/www.labuonaterrabio.it\/fr\/#website","url":"https:\/\/www.labuonaterrabio.it\/fr\/","name":"labuonaterrabio fr","description":"Un nuovo sito targato WordPress","publisher":{"@id":"https:\/\/www.labuonaterrabio.it\/fr\/#organization"},"potentialAction":[{"@type":"SearchAction","target":{"@type":"EntryPoint","urlTemplate":"https:\/\/www.labuonaterrabio.it\/fr\/?s={search_term_string}"},"query-input":{"@type":"PropertyValueSpecification","valueRequired":true,"valueName":"search_term_string"}}],"inLanguage":"fr-FR"},{"@type":"Organization","@id":"https:\/\/www.labuonaterrabio.it\/fr\/#organization","name":"La Buona Terra Bio","url":"https:\/\/www.labuonaterrabio.it\/fr\/","logo":{"@type":"ImageObject","inLanguage":"fr-FR","@id":"https:\/\/www.labuonaterrabio.it\/fr\/#\/schema\/logo\/image\/","url":"https:\/\/www.labuonaterrabio.it\/fr\/wp-content\/uploads\/sites\/3\/logo-menu.svg","contentUrl":"https:\/\/www.labuonaterrabio.it\/fr\/wp-content\/uploads\/sites\/3\/logo-menu.svg","width":1,"height":1,"caption":"La Buona Terra Bio"},"image":{"@id":"https:\/\/www.labuonaterrabio.it\/fr\/#\/schema\/logo\/image\/"}}]}},"_links":{"self":[{"href":"https:\/\/www.labuonaterrabio.it\/fr\/wp-json\/wp\/v2\/pages\/80","targetHints":{"allow":["GET"]}}],"collection":[{"href":"https:\/\/www.labuonaterrabio.it\/fr\/wp-json\/wp\/v2\/pages"}],"about":[{"href":"https:\/\/www.labuonaterrabio.it\/fr\/wp-json\/wp\/v2\/types\/page"}],"author":[{"embeddable":true,"href":"https:\/\/www.labuonaterrabio.it\/fr\/wp-json\/wp\/v2\/users\/1"}],"replies":[{"embeddable":true,"href":"https:\/\/www.labuonaterrabio.it\/fr\/wp-json\/wp\/v2\/comments?post=80"}],"version-history":[{"count":14,"href":"https:\/\/www.labuonaterrabio.it\/fr\/wp-json\/wp\/v2\/pages\/80\/revisions"}],"predecessor-version":[{"id":744,"href":"https:\/\/www.labuonaterrabio.it\/fr\/wp-json\/wp\/v2\/pages\/80\/revisions\/744"}],"up":[{"embeddable":true,"href":"https:\/\/www.labuonaterrabio.it\/fr\/wp-json\/wp\/v2\/pages\/76"}],"wp:featuredmedia":[{"embeddable":true,"href":"https:\/\/www.labuonaterrabio.it\/fr\/wp-json\/wp\/v2\/media\/286"}],"wp:attachment":[{"href":"https:\/\/www.labuonaterrabio.it\/fr\/wp-json\/wp\/v2\/media?parent=80"}],"curies":[{"name":"wp","href":"https:\/\/api.w.org\/{rel}","templated":true}]}}