{"id":725,"date":"2021-05-28T11:20:17","date_gmt":"2021-05-28T09:20:17","guid":{"rendered":"http:\/\/www.labuonaterrabio.it\/fr\/?page_id=725"},"modified":"2026-03-23T11:26:04","modified_gmt":"2026-03-23T10:26:04","slug":"bongri-graines-de-sesame","status":"publish","type":"page","link":"https:\/\/www.labuonaterrabio.it\/fr\/produits-bio\/bongri\/bongri-graines-de-sesame\/","title":{"rendered":"Bongr\u00ec graines de s\u00e9same"},"content":{"rendered":"","protected":false},"excerpt":{"rendered":"","protected":false},"author":1,"featured_media":778,"parent":82,"menu_order":50,"comment_status":"closed","ping_status":"closed","template":"template-prodotti-single.php","meta":{"_acf_changed":false,"footnotes":""},"class_list":["post-725","page","type-page","status-publish","has-post-thumbnail","hentry"],"acf":[],"yoast_head":"<!-- This site is optimized with the Yoast SEO plugin v27.2 - https:\/\/yoast.com\/product\/yoast-seo-wordpress\/ -->\n<title>Gressins S\u00e9same Bio | Processus Levage Naturel | La Buona Terra Bio<\/title>\n<meta name=\"description\" content=\"Des gressins au s\u00e9same bio \u00e0 la fabrication lente, cr\u00e9\u00e9s avec des mati\u00e8res premi\u00e8res naturelles rigoureusement s\u00e9lectionn\u00e9es, pour des produits uniques et au go\u00fbt unique.\" \/>\n<meta name=\"robots\" content=\"index, follow, max-snippet:-1, max-image-preview:large, max-video-preview:-1\" \/>\n<link rel=\"canonical\" href=\"https:\/\/www.labuonaterrabio.it\/fr\/produits-bio\/bongri\/bongri-graines-de-sesame\/\" \/>\n<meta property=\"og:locale\" content=\"fr_FR\" \/>\n<meta property=\"og:type\" content=\"article\" \/>\n<meta property=\"og:title\" content=\"Gressins S\u00e9same Bio | Processus Levage Naturel | La Buona Terra Bio\" \/>\n<meta property=\"og:description\" content=\"Des gressins au s\u00e9same bio \u00e0 la fabrication lente, cr\u00e9\u00e9s avec des mati\u00e8res premi\u00e8res naturelles rigoureusement s\u00e9lectionn\u00e9es, pour des produits uniques et au go\u00fbt unique.\" \/>\n<meta property=\"og:url\" content=\"https:\/\/www.labuonaterrabio.it\/fr\/produits-bio\/bongri\/bongri-graines-de-sesame\/\" \/>\n<meta property=\"og:site_name\" content=\"labuonaterrabio fr\" \/>\n<meta property=\"article:modified_time\" content=\"2026-03-23T10:26:04+00:00\" \/>\n<meta property=\"og:image\" content=\"https:\/\/www.labuonaterrabio.it\/fr\/wp-content\/uploads\/sites\/3\/semi-di-sesamo-1.jpg\" \/>\n\t<meta property=\"og:image:width\" content=\"1920\" \/>\n\t<meta property=\"og:image:height\" content=\"573\" \/>\n\t<meta property=\"og:image:type\" content=\"image\/jpeg\" \/>\n<meta name=\"twitter:card\" content=\"summary_large_image\" \/>\n<script type=\"application\/ld+json\" class=\"yoast-schema-graph\">{\"@context\":\"https:\/\/schema.org\",\"@graph\":[{\"@type\":\"WebPage\",\"@id\":\"https:\/\/www.labuonaterrabio.it\/fr\/produits-bio\/bongri\/bongri-graines-de-sesame\/\",\"url\":\"https:\/\/www.labuonaterrabio.it\/fr\/produits-bio\/bongri\/bongri-graines-de-sesame\/\",\"name\":\"Gressins S\u00e9same Bio | Processus Levage Naturel | La Buona Terra Bio\",\"isPartOf\":{\"@id\":\"https:\/\/www.labuonaterrabio.it\/fr\/#website\"},\"primaryImageOfPage\":{\"@id\":\"https:\/\/www.labuonaterrabio.it\/fr\/produits-bio\/bongri\/bongri-graines-de-sesame\/#primaryimage\"},\"image\":{\"@id\":\"https:\/\/www.labuonaterrabio.it\/fr\/produits-bio\/bongri\/bongri-graines-de-sesame\/#primaryimage\"},\"thumbnailUrl\":\"https:\/\/www.labuonaterrabio.it\/fr\/wp-content\/uploads\/sites\/3\/semi-di-sesamo-1.jpg\",\"datePublished\":\"2021-05-28T09:20:17+00:00\",\"dateModified\":\"2026-03-23T10:26:04+00:00\",\"description\":\"Des gressins au s\u00e9same bio \u00e0 la fabrication lente, cr\u00e9\u00e9s avec des mati\u00e8res premi\u00e8res naturelles rigoureusement s\u00e9lectionn\u00e9es, pour des produits uniques et au go\u00fbt unique.\",\"breadcrumb\":{\"@id\":\"https:\/\/www.labuonaterrabio.it\/fr\/produits-bio\/bongri\/bongri-graines-de-sesame\/#breadcrumb\"},\"inLanguage\":\"fr-FR\",\"potentialAction\":[{\"@type\":\"ReadAction\",\"target\":[\"https:\/\/www.labuonaterrabio.it\/fr\/produits-bio\/bongri\/bongri-graines-de-sesame\/\"]}]},{\"@type\":\"ImageObject\",\"inLanguage\":\"fr-FR\",\"@id\":\"https:\/\/www.labuonaterrabio.it\/fr\/produits-bio\/bongri\/bongri-graines-de-sesame\/#primaryimage\",\"url\":\"https:\/\/www.labuonaterrabio.it\/fr\/wp-content\/uploads\/sites\/3\/semi-di-sesamo-1.jpg\",\"contentUrl\":\"https:\/\/www.labuonaterrabio.it\/fr\/wp-content\/uploads\/sites\/3\/semi-di-sesamo-1.jpg\",\"width\":1920,\"height\":573},{\"@type\":\"BreadcrumbList\",\"@id\":\"https:\/\/www.labuonaterrabio.it\/fr\/produits-bio\/bongri\/bongri-graines-de-sesame\/#breadcrumb\",\"itemListElement\":[{\"@type\":\"ListItem\",\"position\":1,\"name\":\"Home\",\"item\":\"https:\/\/www.labuonaterrabio.it\/fr\/\"},{\"@type\":\"ListItem\",\"position\":2,\"name\":\"Produits bio\",\"item\":\"https:\/\/www.labuonaterrabio.it\/fr\/produits-bio\/\"},{\"@type\":\"ListItem\",\"position\":3,\"name\":\"Bongr\u00ec\",\"item\":\"https:\/\/www.labuonaterrabio.it\/fr\/produits-bio\/bongri\/\"},{\"@type\":\"ListItem\",\"position\":4,\"name\":\"Bongr\u00ec graines de s\u00e9same\"}]},{\"@type\":\"WebSite\",\"@id\":\"https:\/\/www.labuonaterrabio.it\/fr\/#website\",\"url\":\"https:\/\/www.labuonaterrabio.it\/fr\/\",\"name\":\"labuonaterrabio fr\",\"description\":\"Un nuovo sito targato WordPress\",\"publisher\":{\"@id\":\"https:\/\/www.labuonaterrabio.it\/fr\/#organization\"},\"potentialAction\":[{\"@type\":\"SearchAction\",\"target\":{\"@type\":\"EntryPoint\",\"urlTemplate\":\"https:\/\/www.labuonaterrabio.it\/fr\/?s={search_term_string}\"},\"query-input\":{\"@type\":\"PropertyValueSpecification\",\"valueRequired\":true,\"valueName\":\"search_term_string\"}}],\"inLanguage\":\"fr-FR\"},{\"@type\":\"Organization\",\"@id\":\"https:\/\/www.labuonaterrabio.it\/fr\/#organization\",\"name\":\"La Buona Terra Bio\",\"url\":\"https:\/\/www.labuonaterrabio.it\/fr\/\",\"logo\":{\"@type\":\"ImageObject\",\"inLanguage\":\"fr-FR\",\"@id\":\"https:\/\/www.labuonaterrabio.it\/fr\/#\/schema\/logo\/image\/\",\"url\":\"https:\/\/www.labuonaterrabio.it\/fr\/wp-content\/uploads\/sites\/3\/logo-menu.svg\",\"contentUrl\":\"https:\/\/www.labuonaterrabio.it\/fr\/wp-content\/uploads\/sites\/3\/logo-menu.svg\",\"width\":1,\"height\":1,\"caption\":\"La Buona Terra Bio\"},\"image\":{\"@id\":\"https:\/\/www.labuonaterrabio.it\/fr\/#\/schema\/logo\/image\/\"}}]}<\/script>\n<!-- \/ Yoast SEO plugin. -->","yoast_head_json":{"title":"Gressins S\u00e9same Bio | Processus Levage Naturel | La Buona Terra Bio","description":"Des gressins au s\u00e9same bio \u00e0 la fabrication lente, cr\u00e9\u00e9s avec des mati\u00e8res premi\u00e8res naturelles rigoureusement s\u00e9lectionn\u00e9es, pour des produits uniques et au go\u00fbt unique.","robots":{"index":"index","follow":"follow","max-snippet":"max-snippet:-1","max-image-preview":"max-image-preview:large","max-video-preview":"max-video-preview:-1"},"canonical":"https:\/\/www.labuonaterrabio.it\/fr\/produits-bio\/bongri\/bongri-graines-de-sesame\/","og_locale":"fr_FR","og_type":"article","og_title":"Gressins S\u00e9same Bio | Processus Levage Naturel | La Buona Terra Bio","og_description":"Des gressins au s\u00e9same bio \u00e0 la fabrication lente, cr\u00e9\u00e9s avec des mati\u00e8res premi\u00e8res naturelles rigoureusement s\u00e9lectionn\u00e9es, pour des produits uniques et au go\u00fbt unique.","og_url":"https:\/\/www.labuonaterrabio.it\/fr\/produits-bio\/bongri\/bongri-graines-de-sesame\/","og_site_name":"labuonaterrabio fr","article_modified_time":"2026-03-23T10:26:04+00:00","og_image":[{"width":1920,"height":573,"url":"https:\/\/www.labuonaterrabio.it\/fr\/wp-content\/uploads\/sites\/3\/semi-di-sesamo-1.jpg","type":"image\/jpeg"}],"twitter_card":"summary_large_image","schema":{"@context":"https:\/\/schema.org","@graph":[{"@type":"WebPage","@id":"https:\/\/www.labuonaterrabio.it\/fr\/produits-bio\/bongri\/bongri-graines-de-sesame\/","url":"https:\/\/www.labuonaterrabio.it\/fr\/produits-bio\/bongri\/bongri-graines-de-sesame\/","name":"Gressins S\u00e9same Bio | Processus Levage Naturel | La Buona Terra Bio","isPartOf":{"@id":"https:\/\/www.labuonaterrabio.it\/fr\/#website"},"primaryImageOfPage":{"@id":"https:\/\/www.labuonaterrabio.it\/fr\/produits-bio\/bongri\/bongri-graines-de-sesame\/#primaryimage"},"image":{"@id":"https:\/\/www.labuonaterrabio.it\/fr\/produits-bio\/bongri\/bongri-graines-de-sesame\/#primaryimage"},"thumbnailUrl":"https:\/\/www.labuonaterrabio.it\/fr\/wp-content\/uploads\/sites\/3\/semi-di-sesamo-1.jpg","datePublished":"2021-05-28T09:20:17+00:00","dateModified":"2026-03-23T10:26:04+00:00","description":"Des gressins au s\u00e9same bio \u00e0 la fabrication lente, cr\u00e9\u00e9s avec des mati\u00e8res premi\u00e8res naturelles rigoureusement s\u00e9lectionn\u00e9es, pour des produits uniques et au go\u00fbt unique.","breadcrumb":{"@id":"https:\/\/www.labuonaterrabio.it\/fr\/produits-bio\/bongri\/bongri-graines-de-sesame\/#breadcrumb"},"inLanguage":"fr-FR","potentialAction":[{"@type":"ReadAction","target":["https:\/\/www.labuonaterrabio.it\/fr\/produits-bio\/bongri\/bongri-graines-de-sesame\/"]}]},{"@type":"ImageObject","inLanguage":"fr-FR","@id":"https:\/\/www.labuonaterrabio.it\/fr\/produits-bio\/bongri\/bongri-graines-de-sesame\/#primaryimage","url":"https:\/\/www.labuonaterrabio.it\/fr\/wp-content\/uploads\/sites\/3\/semi-di-sesamo-1.jpg","contentUrl":"https:\/\/www.labuonaterrabio.it\/fr\/wp-content\/uploads\/sites\/3\/semi-di-sesamo-1.jpg","width":1920,"height":573},{"@type":"BreadcrumbList","@id":"https:\/\/www.labuonaterrabio.it\/fr\/produits-bio\/bongri\/bongri-graines-de-sesame\/#breadcrumb","itemListElement":[{"@type":"ListItem","position":1,"name":"Home","item":"https:\/\/www.labuonaterrabio.it\/fr\/"},{"@type":"ListItem","position":2,"name":"Produits bio","item":"https:\/\/www.labuonaterrabio.it\/fr\/produits-bio\/"},{"@type":"ListItem","position":3,"name":"Bongr\u00ec","item":"https:\/\/www.labuonaterrabio.it\/fr\/produits-bio\/bongri\/"},{"@type":"ListItem","position":4,"name":"Bongr\u00ec graines de s\u00e9same"}]},{"@type":"WebSite","@id":"https:\/\/www.labuonaterrabio.it\/fr\/#website","url":"https:\/\/www.labuonaterrabio.it\/fr\/","name":"labuonaterrabio fr","description":"Un nuovo sito targato WordPress","publisher":{"@id":"https:\/\/www.labuonaterrabio.it\/fr\/#organization"},"potentialAction":[{"@type":"SearchAction","target":{"@type":"EntryPoint","urlTemplate":"https:\/\/www.labuonaterrabio.it\/fr\/?s={search_term_string}"},"query-input":{"@type":"PropertyValueSpecification","valueRequired":true,"valueName":"search_term_string"}}],"inLanguage":"fr-FR"},{"@type":"Organization","@id":"https:\/\/www.labuonaterrabio.it\/fr\/#organization","name":"La Buona Terra Bio","url":"https:\/\/www.labuonaterrabio.it\/fr\/","logo":{"@type":"ImageObject","inLanguage":"fr-FR","@id":"https:\/\/www.labuonaterrabio.it\/fr\/#\/schema\/logo\/image\/","url":"https:\/\/www.labuonaterrabio.it\/fr\/wp-content\/uploads\/sites\/3\/logo-menu.svg","contentUrl":"https:\/\/www.labuonaterrabio.it\/fr\/wp-content\/uploads\/sites\/3\/logo-menu.svg","width":1,"height":1,"caption":"La Buona Terra Bio"},"image":{"@id":"https:\/\/www.labuonaterrabio.it\/fr\/#\/schema\/logo\/image\/"}}]}},"_links":{"self":[{"href":"https:\/\/www.labuonaterrabio.it\/fr\/wp-json\/wp\/v2\/pages\/725","targetHints":{"allow":["GET"]}}],"collection":[{"href":"https:\/\/www.labuonaterrabio.it\/fr\/wp-json\/wp\/v2\/pages"}],"about":[{"href":"https:\/\/www.labuonaterrabio.it\/fr\/wp-json\/wp\/v2\/types\/page"}],"author":[{"embeddable":true,"href":"https:\/\/www.labuonaterrabio.it\/fr\/wp-json\/wp\/v2\/users\/1"}],"replies":[{"embeddable":true,"href":"https:\/\/www.labuonaterrabio.it\/fr\/wp-json\/wp\/v2\/comments?post=725"}],"version-history":[{"count":15,"href":"https:\/\/www.labuonaterrabio.it\/fr\/wp-json\/wp\/v2\/pages\/725\/revisions"}],"predecessor-version":[{"id":1760,"href":"https:\/\/www.labuonaterrabio.it\/fr\/wp-json\/wp\/v2\/pages\/725\/revisions\/1760"}],"up":[{"embeddable":true,"href":"https:\/\/www.labuonaterrabio.it\/fr\/wp-json\/wp\/v2\/pages\/82"}],"wp:featuredmedia":[{"embeddable":true,"href":"https:\/\/www.labuonaterrabio.it\/fr\/wp-json\/wp\/v2\/media\/778"}],"wp:attachment":[{"href":"https:\/\/www.labuonaterrabio.it\/fr\/wp-json\/wp\/v2\/media?parent=725"}],"curies":[{"name":"wp","href":"https:\/\/api.w.org\/{rel}","templated":true}]}}