{"id":577,"date":"2021-05-24T12:56:47","date_gmt":"2021-05-24T10:56:47","guid":{"rendered":"http:\/\/www.labuonaterrabio.it\/fr\/?page_id=577"},"modified":"2023-09-18T11:56:40","modified_gmt":"2023-09-18T09:56:40","slug":"ciocogri-gressins-chocolat","status":"publish","type":"page","link":"https:\/\/www.labuonaterrabio.it\/fr\/produits-bio\/ciocogri\/ciocogri-gressins-chocolat\/","title":{"rendered":"Ciocogr\u00ec"},"content":{"rendered":"","protected":false},"excerpt":{"rendered":"","protected":false},"author":1,"featured_media":826,"parent":93,"menu_order":68,"comment_status":"closed","ping_status":"closed","template":"template-prodotti-single.php","meta":{"_acf_changed":false,"footnotes":""},"class_list":["post-577","page","type-page","status-publish","has-post-thumbnail","hentry"],"acf":[],"yoast_head":"<!-- This site is optimized with the Yoast SEO plugin v27.2 - https:\/\/yoast.com\/product\/yoast-seo-wordpress\/ -->\n<title>Snack Artisanal Chocolat | Snack Bio | La Buona Terra Bio<\/title>\n<meta name=\"description\" content=\"Snack artisanal au chocolat au go\u00fbt unique et adapt\u00e9 \u00e0 chaque moment de la journ\u00e9e, cr\u00e9\u00e9 avec des mati\u00e8res premi\u00e8res s\u00e9lectionn\u00e9es par nos experts et avec une fabrication naturelle.\" \/>\n<meta name=\"robots\" content=\"index, follow, max-snippet:-1, max-image-preview:large, max-video-preview:-1\" \/>\n<link rel=\"canonical\" href=\"https:\/\/www.labuonaterrabio.it\/fr\/produits-bio\/ciocogri\/ciocogri-gressins-chocolat\/\" \/>\n<meta property=\"og:locale\" content=\"fr_FR\" \/>\n<meta property=\"og:type\" content=\"article\" \/>\n<meta property=\"og:title\" content=\"Snack Artisanal Chocolat | Snack Bio | La Buona Terra Bio\" \/>\n<meta property=\"og:description\" content=\"Snack artisanal au chocolat au go\u00fbt unique et adapt\u00e9 \u00e0 chaque moment de la journ\u00e9e, cr\u00e9\u00e9 avec des mati\u00e8res premi\u00e8res s\u00e9lectionn\u00e9es par nos experts et avec une fabrication naturelle.\" \/>\n<meta property=\"og:url\" content=\"https:\/\/www.labuonaterrabio.it\/fr\/produits-bio\/ciocogri\/ciocogri-gressins-chocolat\/\" \/>\n<meta property=\"og:site_name\" content=\"labuonaterrabio fr\" \/>\n<meta property=\"article:modified_time\" content=\"2023-09-18T09:56:40+00:00\" \/>\n<meta property=\"og:image\" content=\"https:\/\/www.labuonaterrabio.it\/fr\/wp-content\/uploads\/sites\/3\/Chocogri-2.jpg\" \/>\n\t<meta property=\"og:image:width\" content=\"1920\" \/>\n\t<meta property=\"og:image:height\" content=\"499\" \/>\n\t<meta property=\"og:image:type\" content=\"image\/jpeg\" \/>\n<meta name=\"twitter:card\" content=\"summary_large_image\" \/>\n<script type=\"application\/ld+json\" class=\"yoast-schema-graph\">{\"@context\":\"https:\/\/schema.org\",\"@graph\":[{\"@type\":\"WebPage\",\"@id\":\"https:\/\/www.labuonaterrabio.it\/fr\/produits-bio\/ciocogri\/ciocogri-gressins-chocolat\/\",\"url\":\"https:\/\/www.labuonaterrabio.it\/fr\/produits-bio\/ciocogri\/ciocogri-gressins-chocolat\/\",\"name\":\"Snack Artisanal Chocolat | Snack Bio | La Buona Terra Bio\",\"isPartOf\":{\"@id\":\"https:\/\/www.labuonaterrabio.it\/fr\/#website\"},\"primaryImageOfPage\":{\"@id\":\"https:\/\/www.labuonaterrabio.it\/fr\/produits-bio\/ciocogri\/ciocogri-gressins-chocolat\/#primaryimage\"},\"image\":{\"@id\":\"https:\/\/www.labuonaterrabio.it\/fr\/produits-bio\/ciocogri\/ciocogri-gressins-chocolat\/#primaryimage\"},\"thumbnailUrl\":\"https:\/\/www.labuonaterrabio.it\/fr\/wp-content\/uploads\/sites\/3\/Chocogri-2.jpg\",\"datePublished\":\"2021-05-24T10:56:47+00:00\",\"dateModified\":\"2023-09-18T09:56:40+00:00\",\"description\":\"Snack artisanal au chocolat au go\u00fbt unique et adapt\u00e9 \u00e0 chaque moment de la journ\u00e9e, cr\u00e9\u00e9 avec des mati\u00e8res premi\u00e8res s\u00e9lectionn\u00e9es par nos experts et avec une fabrication naturelle.\",\"breadcrumb\":{\"@id\":\"https:\/\/www.labuonaterrabio.it\/fr\/produits-bio\/ciocogri\/ciocogri-gressins-chocolat\/#breadcrumb\"},\"inLanguage\":\"fr-FR\",\"potentialAction\":[{\"@type\":\"ReadAction\",\"target\":[\"https:\/\/www.labuonaterrabio.it\/fr\/produits-bio\/ciocogri\/ciocogri-gressins-chocolat\/\"]}]},{\"@type\":\"ImageObject\",\"inLanguage\":\"fr-FR\",\"@id\":\"https:\/\/www.labuonaterrabio.it\/fr\/produits-bio\/ciocogri\/ciocogri-gressins-chocolat\/#primaryimage\",\"url\":\"https:\/\/www.labuonaterrabio.it\/fr\/wp-content\/uploads\/sites\/3\/Chocogri-2.jpg\",\"contentUrl\":\"https:\/\/www.labuonaterrabio.it\/fr\/wp-content\/uploads\/sites\/3\/Chocogri-2.jpg\",\"width\":1920,\"height\":499},{\"@type\":\"BreadcrumbList\",\"@id\":\"https:\/\/www.labuonaterrabio.it\/fr\/produits-bio\/ciocogri\/ciocogri-gressins-chocolat\/#breadcrumb\",\"itemListElement\":[{\"@type\":\"ListItem\",\"position\":1,\"name\":\"Home\",\"item\":\"https:\/\/www.labuonaterrabio.it\/fr\/\"},{\"@type\":\"ListItem\",\"position\":2,\"name\":\"Produits bio\",\"item\":\"https:\/\/www.labuonaterrabio.it\/fr\/produits-bio\/\"},{\"@type\":\"ListItem\",\"position\":3,\"name\":\"Ciocogr\u00ec\",\"item\":\"https:\/\/www.labuonaterrabio.it\/fr\/?page_id=93\"},{\"@type\":\"ListItem\",\"position\":4,\"name\":\"Ciocogr\u00ec\"}]},{\"@type\":\"WebSite\",\"@id\":\"https:\/\/www.labuonaterrabio.it\/fr\/#website\",\"url\":\"https:\/\/www.labuonaterrabio.it\/fr\/\",\"name\":\"labuonaterrabio fr\",\"description\":\"Un nuovo sito targato WordPress\",\"publisher\":{\"@id\":\"https:\/\/www.labuonaterrabio.it\/fr\/#organization\"},\"potentialAction\":[{\"@type\":\"SearchAction\",\"target\":{\"@type\":\"EntryPoint\",\"urlTemplate\":\"https:\/\/www.labuonaterrabio.it\/fr\/?s={search_term_string}\"},\"query-input\":{\"@type\":\"PropertyValueSpecification\",\"valueRequired\":true,\"valueName\":\"search_term_string\"}}],\"inLanguage\":\"fr-FR\"},{\"@type\":\"Organization\",\"@id\":\"https:\/\/www.labuonaterrabio.it\/fr\/#organization\",\"name\":\"La Buona Terra Bio\",\"url\":\"https:\/\/www.labuonaterrabio.it\/fr\/\",\"logo\":{\"@type\":\"ImageObject\",\"inLanguage\":\"fr-FR\",\"@id\":\"https:\/\/www.labuonaterrabio.it\/fr\/#\/schema\/logo\/image\/\",\"url\":\"https:\/\/www.labuonaterrabio.it\/fr\/wp-content\/uploads\/sites\/3\/logo-menu.svg\",\"contentUrl\":\"https:\/\/www.labuonaterrabio.it\/fr\/wp-content\/uploads\/sites\/3\/logo-menu.svg\",\"width\":1,\"height\":1,\"caption\":\"La Buona Terra Bio\"},\"image\":{\"@id\":\"https:\/\/www.labuonaterrabio.it\/fr\/#\/schema\/logo\/image\/\"}}]}<\/script>\n<!-- \/ Yoast SEO plugin. -->","yoast_head_json":{"title":"Snack Artisanal Chocolat | Snack Bio | La Buona Terra Bio","description":"Snack artisanal au chocolat au go\u00fbt unique et adapt\u00e9 \u00e0 chaque moment de la journ\u00e9e, cr\u00e9\u00e9 avec des mati\u00e8res premi\u00e8res s\u00e9lectionn\u00e9es par nos experts et avec une fabrication naturelle.","robots":{"index":"index","follow":"follow","max-snippet":"max-snippet:-1","max-image-preview":"max-image-preview:large","max-video-preview":"max-video-preview:-1"},"canonical":"https:\/\/www.labuonaterrabio.it\/fr\/produits-bio\/ciocogri\/ciocogri-gressins-chocolat\/","og_locale":"fr_FR","og_type":"article","og_title":"Snack Artisanal Chocolat | Snack Bio | La Buona Terra Bio","og_description":"Snack artisanal au chocolat au go\u00fbt unique et adapt\u00e9 \u00e0 chaque moment de la journ\u00e9e, cr\u00e9\u00e9 avec des mati\u00e8res premi\u00e8res s\u00e9lectionn\u00e9es par nos experts et avec une fabrication naturelle.","og_url":"https:\/\/www.labuonaterrabio.it\/fr\/produits-bio\/ciocogri\/ciocogri-gressins-chocolat\/","og_site_name":"labuonaterrabio fr","article_modified_time":"2023-09-18T09:56:40+00:00","og_image":[{"width":1920,"height":499,"url":"https:\/\/www.labuonaterrabio.it\/fr\/wp-content\/uploads\/sites\/3\/Chocogri-2.jpg","type":"image\/jpeg"}],"twitter_card":"summary_large_image","schema":{"@context":"https:\/\/schema.org","@graph":[{"@type":"WebPage","@id":"https:\/\/www.labuonaterrabio.it\/fr\/produits-bio\/ciocogri\/ciocogri-gressins-chocolat\/","url":"https:\/\/www.labuonaterrabio.it\/fr\/produits-bio\/ciocogri\/ciocogri-gressins-chocolat\/","name":"Snack Artisanal Chocolat | Snack Bio | La Buona Terra Bio","isPartOf":{"@id":"https:\/\/www.labuonaterrabio.it\/fr\/#website"},"primaryImageOfPage":{"@id":"https:\/\/www.labuonaterrabio.it\/fr\/produits-bio\/ciocogri\/ciocogri-gressins-chocolat\/#primaryimage"},"image":{"@id":"https:\/\/www.labuonaterrabio.it\/fr\/produits-bio\/ciocogri\/ciocogri-gressins-chocolat\/#primaryimage"},"thumbnailUrl":"https:\/\/www.labuonaterrabio.it\/fr\/wp-content\/uploads\/sites\/3\/Chocogri-2.jpg","datePublished":"2021-05-24T10:56:47+00:00","dateModified":"2023-09-18T09:56:40+00:00","description":"Snack artisanal au chocolat au go\u00fbt unique et adapt\u00e9 \u00e0 chaque moment de la journ\u00e9e, cr\u00e9\u00e9 avec des mati\u00e8res premi\u00e8res s\u00e9lectionn\u00e9es par nos experts et avec une fabrication naturelle.","breadcrumb":{"@id":"https:\/\/www.labuonaterrabio.it\/fr\/produits-bio\/ciocogri\/ciocogri-gressins-chocolat\/#breadcrumb"},"inLanguage":"fr-FR","potentialAction":[{"@type":"ReadAction","target":["https:\/\/www.labuonaterrabio.it\/fr\/produits-bio\/ciocogri\/ciocogri-gressins-chocolat\/"]}]},{"@type":"ImageObject","inLanguage":"fr-FR","@id":"https:\/\/www.labuonaterrabio.it\/fr\/produits-bio\/ciocogri\/ciocogri-gressins-chocolat\/#primaryimage","url":"https:\/\/www.labuonaterrabio.it\/fr\/wp-content\/uploads\/sites\/3\/Chocogri-2.jpg","contentUrl":"https:\/\/www.labuonaterrabio.it\/fr\/wp-content\/uploads\/sites\/3\/Chocogri-2.jpg","width":1920,"height":499},{"@type":"BreadcrumbList","@id":"https:\/\/www.labuonaterrabio.it\/fr\/produits-bio\/ciocogri\/ciocogri-gressins-chocolat\/#breadcrumb","itemListElement":[{"@type":"ListItem","position":1,"name":"Home","item":"https:\/\/www.labuonaterrabio.it\/fr\/"},{"@type":"ListItem","position":2,"name":"Produits bio","item":"https:\/\/www.labuonaterrabio.it\/fr\/produits-bio\/"},{"@type":"ListItem","position":3,"name":"Ciocogr\u00ec","item":"https:\/\/www.labuonaterrabio.it\/fr\/?page_id=93"},{"@type":"ListItem","position":4,"name":"Ciocogr\u00ec"}]},{"@type":"WebSite","@id":"https:\/\/www.labuonaterrabio.it\/fr\/#website","url":"https:\/\/www.labuonaterrabio.it\/fr\/","name":"labuonaterrabio fr","description":"Un nuovo sito targato WordPress","publisher":{"@id":"https:\/\/www.labuonaterrabio.it\/fr\/#organization"},"potentialAction":[{"@type":"SearchAction","target":{"@type":"EntryPoint","urlTemplate":"https:\/\/www.labuonaterrabio.it\/fr\/?s={search_term_string}"},"query-input":{"@type":"PropertyValueSpecification","valueRequired":true,"valueName":"search_term_string"}}],"inLanguage":"fr-FR"},{"@type":"Organization","@id":"https:\/\/www.labuonaterrabio.it\/fr\/#organization","name":"La Buona Terra Bio","url":"https:\/\/www.labuonaterrabio.it\/fr\/","logo":{"@type":"ImageObject","inLanguage":"fr-FR","@id":"https:\/\/www.labuonaterrabio.it\/fr\/#\/schema\/logo\/image\/","url":"https:\/\/www.labuonaterrabio.it\/fr\/wp-content\/uploads\/sites\/3\/logo-menu.svg","contentUrl":"https:\/\/www.labuonaterrabio.it\/fr\/wp-content\/uploads\/sites\/3\/logo-menu.svg","width":1,"height":1,"caption":"La Buona Terra Bio"},"image":{"@id":"https:\/\/www.labuonaterrabio.it\/fr\/#\/schema\/logo\/image\/"}}]}},"_links":{"self":[{"href":"https:\/\/www.labuonaterrabio.it\/fr\/wp-json\/wp\/v2\/pages\/577","targetHints":{"allow":["GET"]}}],"collection":[{"href":"https:\/\/www.labuonaterrabio.it\/fr\/wp-json\/wp\/v2\/pages"}],"about":[{"href":"https:\/\/www.labuonaterrabio.it\/fr\/wp-json\/wp\/v2\/types\/page"}],"author":[{"embeddable":true,"href":"https:\/\/www.labuonaterrabio.it\/fr\/wp-json\/wp\/v2\/users\/1"}],"replies":[{"embeddable":true,"href":"https:\/\/www.labuonaterrabio.it\/fr\/wp-json\/wp\/v2\/comments?post=577"}],"version-history":[{"count":14,"href":"https:\/\/www.labuonaterrabio.it\/fr\/wp-json\/wp\/v2\/pages\/577\/revisions"}],"predecessor-version":[{"id":1694,"href":"https:\/\/www.labuonaterrabio.it\/fr\/wp-json\/wp\/v2\/pages\/577\/revisions\/1694"}],"up":[{"embeddable":true,"href":"https:\/\/www.labuonaterrabio.it\/fr\/wp-json\/wp\/v2\/pages\/93"}],"wp:featuredmedia":[{"embeddable":true,"href":"https:\/\/www.labuonaterrabio.it\/fr\/wp-json\/wp\/v2\/media\/826"}],"wp:attachment":[{"href":"https:\/\/www.labuonaterrabio.it\/fr\/wp-json\/wp\/v2\/media?parent=577"}],"curies":[{"name":"wp","href":"https:\/\/api.w.org\/{rel}","templated":true}]}}