{"id":336,"date":"2021-05-17T15:52:30","date_gmt":"2021-05-17T13:52:30","guid":{"rendered":"http:\/\/www.labuonaterrabio.it\/fr\/?page_id=336"},"modified":"2022-07-01T17:53:49","modified_gmt":"2022-07-01T15:53:49","slug":"levure","status":"publish","type":"page","link":"https:\/\/www.labuonaterrabio.it\/fr\/matieres-premieres\/levure\/","title":{"rendered":"Levure"},"content":{"rendered":"<h2>Gressins bio avec levure<\/h2>\n<p>Nous utilisons de la <strong>levure<\/strong> fra\u00eeche, aussi appel\u00e9e levure de bi\u00e8re, compos\u00e9e de Saccharomyces cerevisiae. Ces micro-organismes sont essentiels au processus <strong>naturel de levage des gressins<\/strong>. C&#8217;est pour cela que nous n&#8217;utilisons jamais de levure chimique.<\/p>\n","protected":false},"excerpt":{"rendered":"<p>Gressins bio avec levure Nous utilisons de la levure fra\u00eeche, aussi appel\u00e9e levure de bi\u00e8re, compos\u00e9e de Saccharomyces cerevisiae. Ces micro-organismes sont essentiels au processus naturel de levage des gressins. C&#8217;est pour cela que nous n&#8217;utilisons jamais de levure chimique.<\/p>\n","protected":false},"author":1,"featured_media":350,"parent":105,"menu_order":32,"comment_status":"closed","ping_status":"closed","template":"template-materieprime-single.php","meta":{"_acf_changed":false,"footnotes":""},"class_list":["post-336","page","type-page","status-publish","has-post-thumbnail","hentry"],"acf":[],"yoast_head":"<!-- This site is optimized with the Yoast SEO plugin v27.2 - https:\/\/yoast.com\/product\/yoast-seo-wordpress\/ -->\n<title>Gressins Levure Bio | Mati\u00e8res Premi\u00e8res Bio | La Buona Terra Bio<\/title>\n<meta name=\"description\" content=\"Des gressins bio \u00e0 la levure pour une qualit\u00e9 sans faire de compromis, o\u00f9 la s\u00e9lection de mati\u00e8res premi\u00e8res naturelles rencontre l&#039;art de la fabrication lente.\" \/>\n<meta name=\"robots\" content=\"index, follow, max-snippet:-1, max-image-preview:large, max-video-preview:-1\" \/>\n<link rel=\"canonical\" href=\"https:\/\/www.labuonaterrabio.it\/fr\/matieres-premieres\/levure\/\" \/>\n<meta property=\"og:locale\" content=\"fr_FR\" \/>\n<meta property=\"og:type\" content=\"article\" \/>\n<meta property=\"og:title\" content=\"Gressins Levure Bio | Mati\u00e8res Premi\u00e8res Bio | La Buona Terra Bio\" \/>\n<meta property=\"og:description\" content=\"Des gressins bio \u00e0 la levure pour une qualit\u00e9 sans faire de compromis, o\u00f9 la s\u00e9lection de mati\u00e8res premi\u00e8res naturelles rencontre l&#039;art de la fabrication lente.\" \/>\n<meta property=\"og:url\" content=\"https:\/\/www.labuonaterrabio.it\/fr\/matieres-premieres\/levure\/\" \/>\n<meta property=\"og:site_name\" content=\"labuonaterrabio fr\" \/>\n<meta property=\"article:modified_time\" content=\"2022-07-01T15:53:49+00:00\" \/>\n<meta property=\"og:image\" content=\"https:\/\/www.labuonaterrabio.it\/fr\/wp-content\/uploads\/sites\/3\/lievito-chiaro.jpg\" \/>\n\t<meta property=\"og:image:width\" content=\"1316\" \/>\n\t<meta property=\"og:image:height\" content=\"920\" \/>\n\t<meta property=\"og:image:type\" content=\"image\/jpeg\" \/>\n<meta name=\"twitter:card\" content=\"summary_large_image\" \/>\n<meta name=\"twitter:label1\" content=\"Dur\u00e9e de lecture estim\u00e9e\" \/>\n\t<meta name=\"twitter:data1\" content=\"1 minute\" \/>\n<script type=\"application\/ld+json\" class=\"yoast-schema-graph\">{\"@context\":\"https:\/\/schema.org\",\"@graph\":[{\"@type\":\"WebPage\",\"@id\":\"https:\/\/www.labuonaterrabio.it\/fr\/matieres-premieres\/levure\/\",\"url\":\"https:\/\/www.labuonaterrabio.it\/fr\/matieres-premieres\/levure\/\",\"name\":\"Gressins Levure Bio | Mati\u00e8res Premi\u00e8res Bio | La Buona Terra Bio\",\"isPartOf\":{\"@id\":\"https:\/\/www.labuonaterrabio.it\/fr\/#website\"},\"primaryImageOfPage\":{\"@id\":\"https:\/\/www.labuonaterrabio.it\/fr\/matieres-premieres\/levure\/#primaryimage\"},\"image\":{\"@id\":\"https:\/\/www.labuonaterrabio.it\/fr\/matieres-premieres\/levure\/#primaryimage\"},\"thumbnailUrl\":\"https:\/\/www.labuonaterrabio.it\/fr\/wp-content\/uploads\/sites\/3\/lievito-chiaro.jpg\",\"datePublished\":\"2021-05-17T13:52:30+00:00\",\"dateModified\":\"2022-07-01T15:53:49+00:00\",\"description\":\"Des gressins bio \u00e0 la levure pour une qualit\u00e9 sans faire de compromis, o\u00f9 la s\u00e9lection de mati\u00e8res premi\u00e8res naturelles rencontre l'art de la fabrication lente.\",\"breadcrumb\":{\"@id\":\"https:\/\/www.labuonaterrabio.it\/fr\/matieres-premieres\/levure\/#breadcrumb\"},\"inLanguage\":\"fr-FR\",\"potentialAction\":[{\"@type\":\"ReadAction\",\"target\":[\"https:\/\/www.labuonaterrabio.it\/fr\/matieres-premieres\/levure\/\"]}]},{\"@type\":\"ImageObject\",\"inLanguage\":\"fr-FR\",\"@id\":\"https:\/\/www.labuonaterrabio.it\/fr\/matieres-premieres\/levure\/#primaryimage\",\"url\":\"https:\/\/www.labuonaterrabio.it\/fr\/wp-content\/uploads\/sites\/3\/lievito-chiaro.jpg\",\"contentUrl\":\"https:\/\/www.labuonaterrabio.it\/fr\/wp-content\/uploads\/sites\/3\/lievito-chiaro.jpg\",\"width\":1316,\"height\":920},{\"@type\":\"BreadcrumbList\",\"@id\":\"https:\/\/www.labuonaterrabio.it\/fr\/matieres-premieres\/levure\/#breadcrumb\",\"itemListElement\":[{\"@type\":\"ListItem\",\"position\":1,\"name\":\"Home\",\"item\":\"https:\/\/www.labuonaterrabio.it\/fr\/\"},{\"@type\":\"ListItem\",\"position\":2,\"name\":\"Mati\u00e8res premi\u00e8res\",\"item\":\"https:\/\/www.labuonaterrabio.it\/fr\/matieres-premieres\/\"},{\"@type\":\"ListItem\",\"position\":3,\"name\":\"Levure\"}]},{\"@type\":\"WebSite\",\"@id\":\"https:\/\/www.labuonaterrabio.it\/fr\/#website\",\"url\":\"https:\/\/www.labuonaterrabio.it\/fr\/\",\"name\":\"labuonaterrabio fr\",\"description\":\"Un nuovo sito targato WordPress\",\"publisher\":{\"@id\":\"https:\/\/www.labuonaterrabio.it\/fr\/#organization\"},\"potentialAction\":[{\"@type\":\"SearchAction\",\"target\":{\"@type\":\"EntryPoint\",\"urlTemplate\":\"https:\/\/www.labuonaterrabio.it\/fr\/?s={search_term_string}\"},\"query-input\":{\"@type\":\"PropertyValueSpecification\",\"valueRequired\":true,\"valueName\":\"search_term_string\"}}],\"inLanguage\":\"fr-FR\"},{\"@type\":\"Organization\",\"@id\":\"https:\/\/www.labuonaterrabio.it\/fr\/#organization\",\"name\":\"La Buona Terra Bio\",\"url\":\"https:\/\/www.labuonaterrabio.it\/fr\/\",\"logo\":{\"@type\":\"ImageObject\",\"inLanguage\":\"fr-FR\",\"@id\":\"https:\/\/www.labuonaterrabio.it\/fr\/#\/schema\/logo\/image\/\",\"url\":\"https:\/\/www.labuonaterrabio.it\/fr\/wp-content\/uploads\/sites\/3\/logo-menu.svg\",\"contentUrl\":\"https:\/\/www.labuonaterrabio.it\/fr\/wp-content\/uploads\/sites\/3\/logo-menu.svg\",\"width\":1,\"height\":1,\"caption\":\"La Buona Terra Bio\"},\"image\":{\"@id\":\"https:\/\/www.labuonaterrabio.it\/fr\/#\/schema\/logo\/image\/\"}}]}<\/script>\n<!-- \/ Yoast SEO plugin. -->","yoast_head_json":{"title":"Gressins Levure Bio | Mati\u00e8res Premi\u00e8res Bio | La Buona Terra Bio","description":"Des gressins bio \u00e0 la levure pour une qualit\u00e9 sans faire de compromis, o\u00f9 la s\u00e9lection de mati\u00e8res premi\u00e8res naturelles rencontre l'art de la fabrication lente.","robots":{"index":"index","follow":"follow","max-snippet":"max-snippet:-1","max-image-preview":"max-image-preview:large","max-video-preview":"max-video-preview:-1"},"canonical":"https:\/\/www.labuonaterrabio.it\/fr\/matieres-premieres\/levure\/","og_locale":"fr_FR","og_type":"article","og_title":"Gressins Levure Bio | Mati\u00e8res Premi\u00e8res Bio | La Buona Terra Bio","og_description":"Des gressins bio \u00e0 la levure pour une qualit\u00e9 sans faire de compromis, o\u00f9 la s\u00e9lection de mati\u00e8res premi\u00e8res naturelles rencontre l'art de la fabrication lente.","og_url":"https:\/\/www.labuonaterrabio.it\/fr\/matieres-premieres\/levure\/","og_site_name":"labuonaterrabio fr","article_modified_time":"2022-07-01T15:53:49+00:00","og_image":[{"width":1316,"height":920,"url":"https:\/\/www.labuonaterrabio.it\/fr\/wp-content\/uploads\/sites\/3\/lievito-chiaro.jpg","type":"image\/jpeg"}],"twitter_card":"summary_large_image","twitter_misc":{"Dur\u00e9e de lecture estim\u00e9e":"1 minute"},"schema":{"@context":"https:\/\/schema.org","@graph":[{"@type":"WebPage","@id":"https:\/\/www.labuonaterrabio.it\/fr\/matieres-premieres\/levure\/","url":"https:\/\/www.labuonaterrabio.it\/fr\/matieres-premieres\/levure\/","name":"Gressins Levure Bio | Mati\u00e8res Premi\u00e8res Bio | La Buona Terra Bio","isPartOf":{"@id":"https:\/\/www.labuonaterrabio.it\/fr\/#website"},"primaryImageOfPage":{"@id":"https:\/\/www.labuonaterrabio.it\/fr\/matieres-premieres\/levure\/#primaryimage"},"image":{"@id":"https:\/\/www.labuonaterrabio.it\/fr\/matieres-premieres\/levure\/#primaryimage"},"thumbnailUrl":"https:\/\/www.labuonaterrabio.it\/fr\/wp-content\/uploads\/sites\/3\/lievito-chiaro.jpg","datePublished":"2021-05-17T13:52:30+00:00","dateModified":"2022-07-01T15:53:49+00:00","description":"Des gressins bio \u00e0 la levure pour une qualit\u00e9 sans faire de compromis, o\u00f9 la s\u00e9lection de mati\u00e8res premi\u00e8res naturelles rencontre l'art de la fabrication lente.","breadcrumb":{"@id":"https:\/\/www.labuonaterrabio.it\/fr\/matieres-premieres\/levure\/#breadcrumb"},"inLanguage":"fr-FR","potentialAction":[{"@type":"ReadAction","target":["https:\/\/www.labuonaterrabio.it\/fr\/matieres-premieres\/levure\/"]}]},{"@type":"ImageObject","inLanguage":"fr-FR","@id":"https:\/\/www.labuonaterrabio.it\/fr\/matieres-premieres\/levure\/#primaryimage","url":"https:\/\/www.labuonaterrabio.it\/fr\/wp-content\/uploads\/sites\/3\/lievito-chiaro.jpg","contentUrl":"https:\/\/www.labuonaterrabio.it\/fr\/wp-content\/uploads\/sites\/3\/lievito-chiaro.jpg","width":1316,"height":920},{"@type":"BreadcrumbList","@id":"https:\/\/www.labuonaterrabio.it\/fr\/matieres-premieres\/levure\/#breadcrumb","itemListElement":[{"@type":"ListItem","position":1,"name":"Home","item":"https:\/\/www.labuonaterrabio.it\/fr\/"},{"@type":"ListItem","position":2,"name":"Mati\u00e8res premi\u00e8res","item":"https:\/\/www.labuonaterrabio.it\/fr\/matieres-premieres\/"},{"@type":"ListItem","position":3,"name":"Levure"}]},{"@type":"WebSite","@id":"https:\/\/www.labuonaterrabio.it\/fr\/#website","url":"https:\/\/www.labuonaterrabio.it\/fr\/","name":"labuonaterrabio fr","description":"Un nuovo sito targato WordPress","publisher":{"@id":"https:\/\/www.labuonaterrabio.it\/fr\/#organization"},"potentialAction":[{"@type":"SearchAction","target":{"@type":"EntryPoint","urlTemplate":"https:\/\/www.labuonaterrabio.it\/fr\/?s={search_term_string}"},"query-input":{"@type":"PropertyValueSpecification","valueRequired":true,"valueName":"search_term_string"}}],"inLanguage":"fr-FR"},{"@type":"Organization","@id":"https:\/\/www.labuonaterrabio.it\/fr\/#organization","name":"La Buona Terra Bio","url":"https:\/\/www.labuonaterrabio.it\/fr\/","logo":{"@type":"ImageObject","inLanguage":"fr-FR","@id":"https:\/\/www.labuonaterrabio.it\/fr\/#\/schema\/logo\/image\/","url":"https:\/\/www.labuonaterrabio.it\/fr\/wp-content\/uploads\/sites\/3\/logo-menu.svg","contentUrl":"https:\/\/www.labuonaterrabio.it\/fr\/wp-content\/uploads\/sites\/3\/logo-menu.svg","width":1,"height":1,"caption":"La Buona Terra Bio"},"image":{"@id":"https:\/\/www.labuonaterrabio.it\/fr\/#\/schema\/logo\/image\/"}}]}},"_links":{"self":[{"href":"https:\/\/www.labuonaterrabio.it\/fr\/wp-json\/wp\/v2\/pages\/336","targetHints":{"allow":["GET"]}}],"collection":[{"href":"https:\/\/www.labuonaterrabio.it\/fr\/wp-json\/wp\/v2\/pages"}],"about":[{"href":"https:\/\/www.labuonaterrabio.it\/fr\/wp-json\/wp\/v2\/types\/page"}],"author":[{"embeddable":true,"href":"https:\/\/www.labuonaterrabio.it\/fr\/wp-json\/wp\/v2\/users\/1"}],"replies":[{"embeddable":true,"href":"https:\/\/www.labuonaterrabio.it\/fr\/wp-json\/wp\/v2\/comments?post=336"}],"version-history":[{"count":10,"href":"https:\/\/www.labuonaterrabio.it\/fr\/wp-json\/wp\/v2\/pages\/336\/revisions"}],"predecessor-version":[{"id":1614,"href":"https:\/\/www.labuonaterrabio.it\/fr\/wp-json\/wp\/v2\/pages\/336\/revisions\/1614"}],"up":[{"embeddable":true,"href":"https:\/\/www.labuonaterrabio.it\/fr\/wp-json\/wp\/v2\/pages\/105"}],"wp:featuredmedia":[{"embeddable":true,"href":"https:\/\/www.labuonaterrabio.it\/fr\/wp-json\/wp\/v2\/media\/350"}],"wp:attachment":[{"href":"https:\/\/www.labuonaterrabio.it\/fr\/wp-json\/wp\/v2\/media?parent=336"}],"curies":[{"name":"wp","href":"https:\/\/api.w.org\/{rel}","templated":true}]}}