{"id":303,"date":"2021-05-15T04:38:43","date_gmt":"2021-05-15T02:38:43","guid":{"rendered":"http:\/\/www.labuonaterrabio.it\/fr\/?page_id=303"},"modified":"2026-03-23T11:27:18","modified_gmt":"2026-03-23T10:27:18","slug":"bongri-classici","status":"publish","type":"page","link":"https:\/\/www.labuonaterrabio.it\/fr\/produits-bio\/bongri\/bongri-classici\/","title":{"rendered":"Bongr\u00ec classique"},"content":{"rendered":"","protected":false},"excerpt":{"rendered":"","protected":false},"author":1,"featured_media":319,"parent":82,"menu_order":47,"comment_status":"closed","ping_status":"closed","template":"template-prodotti-single.php","meta":{"_acf_changed":false,"footnotes":""},"class_list":["post-303","page","type-page","status-publish","has-post-thumbnail","hentry"],"acf":[],"yoast_head":"<!-- This site is optimized with the Yoast SEO plugin v27.2 - https:\/\/yoast.com\/product\/yoast-seo-wordpress\/ -->\n<title>Gressins Classiques Bio | Levage Lent | La Buona Terra Bio<\/title>\n<meta name=\"description\" content=\"Des gressins classiques bio \u00e0 la fabrication lente, cr\u00e9\u00e9s avec des mati\u00e8res premi\u00e8res naturelles rigoureusement s\u00e9lectionn\u00e9es, pour des produits uniques et au go\u00fbt unique.\" \/>\n<meta name=\"robots\" content=\"index, follow, max-snippet:-1, max-image-preview:large, max-video-preview:-1\" \/>\n<link rel=\"canonical\" href=\"https:\/\/www.labuonaterrabio.it\/fr\/produits-bio\/bongri\/bongri-classici\/\" \/>\n<meta property=\"og:locale\" content=\"fr_FR\" \/>\n<meta property=\"og:type\" content=\"article\" \/>\n<meta property=\"og:title\" content=\"Gressins Classiques Bio | Levage Lent | La Buona Terra Bio\" \/>\n<meta property=\"og:description\" content=\"Des gressins classiques bio \u00e0 la fabrication lente, cr\u00e9\u00e9s avec des mati\u00e8res premi\u00e8res naturelles rigoureusement s\u00e9lectionn\u00e9es, pour des produits uniques et au go\u00fbt unique.\" \/>\n<meta property=\"og:url\" content=\"https:\/\/www.labuonaterrabio.it\/fr\/produits-bio\/bongri\/bongri-classici\/\" \/>\n<meta property=\"og:site_name\" content=\"labuonaterrabio fr\" \/>\n<meta property=\"article:modified_time\" content=\"2026-03-23T10:27:18+00:00\" \/>\n<meta property=\"og:image\" content=\"https:\/\/www.labuonaterrabio.it\/fr\/wp-content\/uploads\/sites\/3\/classico.jpg\" \/>\n\t<meta property=\"og:image:width\" content=\"1920\" \/>\n\t<meta property=\"og:image:height\" content=\"573\" \/>\n\t<meta property=\"og:image:type\" content=\"image\/jpeg\" \/>\n<meta name=\"twitter:card\" content=\"summary_large_image\" \/>\n<script type=\"application\/ld+json\" class=\"yoast-schema-graph\">{\"@context\":\"https:\/\/schema.org\",\"@graph\":[{\"@type\":\"WebPage\",\"@id\":\"https:\/\/www.labuonaterrabio.it\/fr\/produits-bio\/bongri\/bongri-classici\/\",\"url\":\"https:\/\/www.labuonaterrabio.it\/fr\/produits-bio\/bongri\/bongri-classici\/\",\"name\":\"Gressins Classiques Bio | Levage Lent | La Buona Terra Bio\",\"isPartOf\":{\"@id\":\"https:\/\/www.labuonaterrabio.it\/fr\/#website\"},\"primaryImageOfPage\":{\"@id\":\"https:\/\/www.labuonaterrabio.it\/fr\/produits-bio\/bongri\/bongri-classici\/#primaryimage\"},\"image\":{\"@id\":\"https:\/\/www.labuonaterrabio.it\/fr\/produits-bio\/bongri\/bongri-classici\/#primaryimage\"},\"thumbnailUrl\":\"https:\/\/www.labuonaterrabio.it\/fr\/wp-content\/uploads\/sites\/3\/classico.jpg\",\"datePublished\":\"2021-05-15T02:38:43+00:00\",\"dateModified\":\"2026-03-23T10:27:18+00:00\",\"description\":\"Des gressins classiques bio \u00e0 la fabrication lente, cr\u00e9\u00e9s avec des mati\u00e8res premi\u00e8res naturelles rigoureusement s\u00e9lectionn\u00e9es, pour des produits uniques et au go\u00fbt unique.\",\"breadcrumb\":{\"@id\":\"https:\/\/www.labuonaterrabio.it\/fr\/produits-bio\/bongri\/bongri-classici\/#breadcrumb\"},\"inLanguage\":\"fr-FR\",\"potentialAction\":[{\"@type\":\"ReadAction\",\"target\":[\"https:\/\/www.labuonaterrabio.it\/fr\/produits-bio\/bongri\/bongri-classici\/\"]}]},{\"@type\":\"ImageObject\",\"inLanguage\":\"fr-FR\",\"@id\":\"https:\/\/www.labuonaterrabio.it\/fr\/produits-bio\/bongri\/bongri-classici\/#primaryimage\",\"url\":\"https:\/\/www.labuonaterrabio.it\/fr\/wp-content\/uploads\/sites\/3\/classico.jpg\",\"contentUrl\":\"https:\/\/www.labuonaterrabio.it\/fr\/wp-content\/uploads\/sites\/3\/classico.jpg\",\"width\":1920,\"height\":573},{\"@type\":\"BreadcrumbList\",\"@id\":\"https:\/\/www.labuonaterrabio.it\/fr\/produits-bio\/bongri\/bongri-classici\/#breadcrumb\",\"itemListElement\":[{\"@type\":\"ListItem\",\"position\":1,\"name\":\"Home\",\"item\":\"https:\/\/www.labuonaterrabio.it\/fr\/\"},{\"@type\":\"ListItem\",\"position\":2,\"name\":\"Produits bio\",\"item\":\"https:\/\/www.labuonaterrabio.it\/fr\/produits-bio\/\"},{\"@type\":\"ListItem\",\"position\":3,\"name\":\"Bongr\u00ec\",\"item\":\"https:\/\/www.labuonaterrabio.it\/fr\/produits-bio\/bongri\/\"},{\"@type\":\"ListItem\",\"position\":4,\"name\":\"Bongr\u00ec classique\"}]},{\"@type\":\"WebSite\",\"@id\":\"https:\/\/www.labuonaterrabio.it\/fr\/#website\",\"url\":\"https:\/\/www.labuonaterrabio.it\/fr\/\",\"name\":\"labuonaterrabio fr\",\"description\":\"Un nuovo sito targato WordPress\",\"publisher\":{\"@id\":\"https:\/\/www.labuonaterrabio.it\/fr\/#organization\"},\"potentialAction\":[{\"@type\":\"SearchAction\",\"target\":{\"@type\":\"EntryPoint\",\"urlTemplate\":\"https:\/\/www.labuonaterrabio.it\/fr\/?s={search_term_string}\"},\"query-input\":{\"@type\":\"PropertyValueSpecification\",\"valueRequired\":true,\"valueName\":\"search_term_string\"}}],\"inLanguage\":\"fr-FR\"},{\"@type\":\"Organization\",\"@id\":\"https:\/\/www.labuonaterrabio.it\/fr\/#organization\",\"name\":\"La Buona Terra Bio\",\"url\":\"https:\/\/www.labuonaterrabio.it\/fr\/\",\"logo\":{\"@type\":\"ImageObject\",\"inLanguage\":\"fr-FR\",\"@id\":\"https:\/\/www.labuonaterrabio.it\/fr\/#\/schema\/logo\/image\/\",\"url\":\"https:\/\/www.labuonaterrabio.it\/fr\/wp-content\/uploads\/sites\/3\/logo-menu.svg\",\"contentUrl\":\"https:\/\/www.labuonaterrabio.it\/fr\/wp-content\/uploads\/sites\/3\/logo-menu.svg\",\"width\":1,\"height\":1,\"caption\":\"La Buona Terra Bio\"},\"image\":{\"@id\":\"https:\/\/www.labuonaterrabio.it\/fr\/#\/schema\/logo\/image\/\"}}]}<\/script>\n<!-- \/ Yoast SEO plugin. -->","yoast_head_json":{"title":"Gressins Classiques Bio | Levage Lent | La Buona Terra Bio","description":"Des gressins classiques bio \u00e0 la fabrication lente, cr\u00e9\u00e9s avec des mati\u00e8res premi\u00e8res naturelles rigoureusement s\u00e9lectionn\u00e9es, pour des produits uniques et au go\u00fbt unique.","robots":{"index":"index","follow":"follow","max-snippet":"max-snippet:-1","max-image-preview":"max-image-preview:large","max-video-preview":"max-video-preview:-1"},"canonical":"https:\/\/www.labuonaterrabio.it\/fr\/produits-bio\/bongri\/bongri-classici\/","og_locale":"fr_FR","og_type":"article","og_title":"Gressins Classiques Bio | Levage Lent | La Buona Terra Bio","og_description":"Des gressins classiques bio \u00e0 la fabrication lente, cr\u00e9\u00e9s avec des mati\u00e8res premi\u00e8res naturelles rigoureusement s\u00e9lectionn\u00e9es, pour des produits uniques et au go\u00fbt unique.","og_url":"https:\/\/www.labuonaterrabio.it\/fr\/produits-bio\/bongri\/bongri-classici\/","og_site_name":"labuonaterrabio fr","article_modified_time":"2026-03-23T10:27:18+00:00","og_image":[{"width":1920,"height":573,"url":"https:\/\/www.labuonaterrabio.it\/fr\/wp-content\/uploads\/sites\/3\/classico.jpg","type":"image\/jpeg"}],"twitter_card":"summary_large_image","schema":{"@context":"https:\/\/schema.org","@graph":[{"@type":"WebPage","@id":"https:\/\/www.labuonaterrabio.it\/fr\/produits-bio\/bongri\/bongri-classici\/","url":"https:\/\/www.labuonaterrabio.it\/fr\/produits-bio\/bongri\/bongri-classici\/","name":"Gressins Classiques Bio | Levage Lent | La Buona Terra Bio","isPartOf":{"@id":"https:\/\/www.labuonaterrabio.it\/fr\/#website"},"primaryImageOfPage":{"@id":"https:\/\/www.labuonaterrabio.it\/fr\/produits-bio\/bongri\/bongri-classici\/#primaryimage"},"image":{"@id":"https:\/\/www.labuonaterrabio.it\/fr\/produits-bio\/bongri\/bongri-classici\/#primaryimage"},"thumbnailUrl":"https:\/\/www.labuonaterrabio.it\/fr\/wp-content\/uploads\/sites\/3\/classico.jpg","datePublished":"2021-05-15T02:38:43+00:00","dateModified":"2026-03-23T10:27:18+00:00","description":"Des gressins classiques bio \u00e0 la fabrication lente, cr\u00e9\u00e9s avec des mati\u00e8res premi\u00e8res naturelles rigoureusement s\u00e9lectionn\u00e9es, pour des produits uniques et au go\u00fbt unique.","breadcrumb":{"@id":"https:\/\/www.labuonaterrabio.it\/fr\/produits-bio\/bongri\/bongri-classici\/#breadcrumb"},"inLanguage":"fr-FR","potentialAction":[{"@type":"ReadAction","target":["https:\/\/www.labuonaterrabio.it\/fr\/produits-bio\/bongri\/bongri-classici\/"]}]},{"@type":"ImageObject","inLanguage":"fr-FR","@id":"https:\/\/www.labuonaterrabio.it\/fr\/produits-bio\/bongri\/bongri-classici\/#primaryimage","url":"https:\/\/www.labuonaterrabio.it\/fr\/wp-content\/uploads\/sites\/3\/classico.jpg","contentUrl":"https:\/\/www.labuonaterrabio.it\/fr\/wp-content\/uploads\/sites\/3\/classico.jpg","width":1920,"height":573},{"@type":"BreadcrumbList","@id":"https:\/\/www.labuonaterrabio.it\/fr\/produits-bio\/bongri\/bongri-classici\/#breadcrumb","itemListElement":[{"@type":"ListItem","position":1,"name":"Home","item":"https:\/\/www.labuonaterrabio.it\/fr\/"},{"@type":"ListItem","position":2,"name":"Produits bio","item":"https:\/\/www.labuonaterrabio.it\/fr\/produits-bio\/"},{"@type":"ListItem","position":3,"name":"Bongr\u00ec","item":"https:\/\/www.labuonaterrabio.it\/fr\/produits-bio\/bongri\/"},{"@type":"ListItem","position":4,"name":"Bongr\u00ec classique"}]},{"@type":"WebSite","@id":"https:\/\/www.labuonaterrabio.it\/fr\/#website","url":"https:\/\/www.labuonaterrabio.it\/fr\/","name":"labuonaterrabio fr","description":"Un nuovo sito targato WordPress","publisher":{"@id":"https:\/\/www.labuonaterrabio.it\/fr\/#organization"},"potentialAction":[{"@type":"SearchAction","target":{"@type":"EntryPoint","urlTemplate":"https:\/\/www.labuonaterrabio.it\/fr\/?s={search_term_string}"},"query-input":{"@type":"PropertyValueSpecification","valueRequired":true,"valueName":"search_term_string"}}],"inLanguage":"fr-FR"},{"@type":"Organization","@id":"https:\/\/www.labuonaterrabio.it\/fr\/#organization","name":"La Buona Terra Bio","url":"https:\/\/www.labuonaterrabio.it\/fr\/","logo":{"@type":"ImageObject","inLanguage":"fr-FR","@id":"https:\/\/www.labuonaterrabio.it\/fr\/#\/schema\/logo\/image\/","url":"https:\/\/www.labuonaterrabio.it\/fr\/wp-content\/uploads\/sites\/3\/logo-menu.svg","contentUrl":"https:\/\/www.labuonaterrabio.it\/fr\/wp-content\/uploads\/sites\/3\/logo-menu.svg","width":1,"height":1,"caption":"La Buona Terra Bio"},"image":{"@id":"https:\/\/www.labuonaterrabio.it\/fr\/#\/schema\/logo\/image\/"}}]}},"_links":{"self":[{"href":"https:\/\/www.labuonaterrabio.it\/fr\/wp-json\/wp\/v2\/pages\/303","targetHints":{"allow":["GET"]}}],"collection":[{"href":"https:\/\/www.labuonaterrabio.it\/fr\/wp-json\/wp\/v2\/pages"}],"about":[{"href":"https:\/\/www.labuonaterrabio.it\/fr\/wp-json\/wp\/v2\/types\/page"}],"author":[{"embeddable":true,"href":"https:\/\/www.labuonaterrabio.it\/fr\/wp-json\/wp\/v2\/users\/1"}],"replies":[{"embeddable":true,"href":"https:\/\/www.labuonaterrabio.it\/fr\/wp-json\/wp\/v2\/comments?post=303"}],"version-history":[{"count":26,"href":"https:\/\/www.labuonaterrabio.it\/fr\/wp-json\/wp\/v2\/pages\/303\/revisions"}],"predecessor-version":[{"id":1706,"href":"https:\/\/www.labuonaterrabio.it\/fr\/wp-json\/wp\/v2\/pages\/303\/revisions\/1706"}],"up":[{"embeddable":true,"href":"https:\/\/www.labuonaterrabio.it\/fr\/wp-json\/wp\/v2\/pages\/82"}],"wp:featuredmedia":[{"embeddable":true,"href":"https:\/\/www.labuonaterrabio.it\/fr\/wp-json\/wp\/v2\/media\/319"}],"wp:attachment":[{"href":"https:\/\/www.labuonaterrabio.it\/fr\/wp-json\/wp\/v2\/media?parent=303"}],"curies":[{"name":"wp","href":"https:\/\/api.w.org\/{rel}","templated":true}]}}