{"id":152,"date":"2021-05-14T01:35:35","date_gmt":"2021-05-13T23:35:35","guid":{"rendered":"http:\/\/www.labuonaterrabio.it\/fr\/?page_id=152"},"modified":"2025-01-09T12:16:18","modified_gmt":"2025-01-09T11:16:18","slug":"home","status":"publish","type":"page","link":"https:\/\/www.labuonaterrabio.it\/fr\/","title":{"rendered":"Home"},"content":{"rendered":"","protected":false},"excerpt":{"rendered":"","protected":false},"author":1,"featured_media":0,"parent":0,"menu_order":14,"comment_status":"closed","ping_status":"closed","template":"template-home.php","meta":{"_acf_changed":false,"footnotes":""},"class_list":["post-152","page","type-page","status-publish","hentry"],"acf":[],"yoast_head":"<!-- This site is optimized with the Yoast SEO plugin v27.2 - https:\/\/yoast.com\/product\/yoast-seo-wordpress\/ -->\n<title>Gressins Artisanaux Bio | Mati\u00e8res Premi\u00e8res Naturelles | La Buona Terra Bio<\/title>\n<meta name=\"description\" content=\"Gressins Artisanaux Bio sans faire de compromis. Nous choisissons les meilleures mati\u00e8res premi\u00e8res naturelles pour nos produits bio, pour un r\u00e9sultat \u00e0 la qualit\u00e9 extr\u00eame.\" \/>\n<meta name=\"robots\" content=\"index, follow, max-snippet:-1, max-image-preview:large, max-video-preview:-1\" \/>\n<link rel=\"canonical\" href=\"https:\/\/www.labuonaterrabio.it\/fr\/\" \/>\n<meta property=\"og:locale\" content=\"fr_FR\" \/>\n<meta property=\"og:type\" content=\"article\" \/>\n<meta property=\"og:title\" content=\"Gressins Artisanaux Bio | Mati\u00e8res Premi\u00e8res Naturelles | La Buona Terra Bio\" \/>\n<meta property=\"og:description\" content=\"Gressins Artisanaux Bio sans faire de compromis. Nous choisissons les meilleures mati\u00e8res premi\u00e8res naturelles pour nos produits bio, pour un r\u00e9sultat \u00e0 la qualit\u00e9 extr\u00eame.\" \/>\n<meta property=\"og:url\" content=\"https:\/\/www.labuonaterrabio.it\/fr\/\" \/>\n<meta property=\"og:site_name\" content=\"labuonaterrabio fr\" \/>\n<meta property=\"article:modified_time\" content=\"2025-01-09T11:16:18+00:00\" \/>\n<meta name=\"twitter:card\" content=\"summary_large_image\" \/>\n<script type=\"application\/ld+json\" class=\"yoast-schema-graph\">{\"@context\":\"https:\/\/schema.org\",\"@graph\":[{\"@type\":\"WebPage\",\"@id\":\"https:\/\/www.labuonaterrabio.it\/fr\/\",\"url\":\"https:\/\/www.labuonaterrabio.it\/fr\/\",\"name\":\"Gressins Artisanaux Bio | Mati\u00e8res Premi\u00e8res Naturelles | La Buona Terra Bio\",\"isPartOf\":{\"@id\":\"https:\/\/www.labuonaterrabio.it\/fr\/#website\"},\"datePublished\":\"2021-05-13T23:35:35+00:00\",\"dateModified\":\"2025-01-09T11:16:18+00:00\",\"description\":\"Gressins Artisanaux Bio sans faire de compromis. Nous choisissons les meilleures mati\u00e8res premi\u00e8res naturelles pour nos produits bio, pour un r\u00e9sultat \u00e0 la qualit\u00e9 extr\u00eame.\",\"breadcrumb\":{\"@id\":\"https:\/\/www.labuonaterrabio.it\/fr\/#breadcrumb\"},\"inLanguage\":\"fr-FR\",\"potentialAction\":[{\"@type\":\"ReadAction\",\"target\":[\"https:\/\/www.labuonaterrabio.it\/fr\/\"]}]},{\"@type\":\"BreadcrumbList\",\"@id\":\"https:\/\/www.labuonaterrabio.it\/fr\/#breadcrumb\",\"itemListElement\":[{\"@type\":\"ListItem\",\"position\":1,\"name\":\"Home\",\"item\":\"https:\/\/www.labuonaterrabio.it\/fr\/\"},{\"@type\":\"ListItem\",\"position\":2,\"name\":\"Home\"}]},{\"@type\":\"WebSite\",\"@id\":\"https:\/\/www.labuonaterrabio.it\/fr\/#website\",\"url\":\"https:\/\/www.labuonaterrabio.it\/fr\/\",\"name\":\"labuonaterrabio fr\",\"description\":\"Un nuovo sito targato WordPress\",\"publisher\":{\"@id\":\"https:\/\/www.labuonaterrabio.it\/fr\/#organization\"},\"potentialAction\":[{\"@type\":\"SearchAction\",\"target\":{\"@type\":\"EntryPoint\",\"urlTemplate\":\"https:\/\/www.labuonaterrabio.it\/fr\/?s={search_term_string}\"},\"query-input\":{\"@type\":\"PropertyValueSpecification\",\"valueRequired\":true,\"valueName\":\"search_term_string\"}}],\"inLanguage\":\"fr-FR\"},{\"@type\":\"Organization\",\"@id\":\"https:\/\/www.labuonaterrabio.it\/fr\/#organization\",\"name\":\"La Buona Terra Bio\",\"url\":\"https:\/\/www.labuonaterrabio.it\/fr\/\",\"logo\":{\"@type\":\"ImageObject\",\"inLanguage\":\"fr-FR\",\"@id\":\"https:\/\/www.labuonaterrabio.it\/fr\/#\/schema\/logo\/image\/\",\"url\":\"https:\/\/www.labuonaterrabio.it\/fr\/wp-content\/uploads\/sites\/3\/logo-menu.svg\",\"contentUrl\":\"https:\/\/www.labuonaterrabio.it\/fr\/wp-content\/uploads\/sites\/3\/logo-menu.svg\",\"width\":1,\"height\":1,\"caption\":\"La Buona Terra Bio\"},\"image\":{\"@id\":\"https:\/\/www.labuonaterrabio.it\/fr\/#\/schema\/logo\/image\/\"}}]}<\/script>\n<!-- \/ Yoast SEO plugin. -->","yoast_head_json":{"title":"Gressins Artisanaux Bio | Mati\u00e8res Premi\u00e8res Naturelles | La Buona Terra Bio","description":"Gressins Artisanaux Bio sans faire de compromis. Nous choisissons les meilleures mati\u00e8res premi\u00e8res naturelles pour nos produits bio, pour un r\u00e9sultat \u00e0 la qualit\u00e9 extr\u00eame.","robots":{"index":"index","follow":"follow","max-snippet":"max-snippet:-1","max-image-preview":"max-image-preview:large","max-video-preview":"max-video-preview:-1"},"canonical":"https:\/\/www.labuonaterrabio.it\/fr\/","og_locale":"fr_FR","og_type":"article","og_title":"Gressins Artisanaux Bio | Mati\u00e8res Premi\u00e8res Naturelles | La Buona Terra Bio","og_description":"Gressins Artisanaux Bio sans faire de compromis. Nous choisissons les meilleures mati\u00e8res premi\u00e8res naturelles pour nos produits bio, pour un r\u00e9sultat \u00e0 la qualit\u00e9 extr\u00eame.","og_url":"https:\/\/www.labuonaterrabio.it\/fr\/","og_site_name":"labuonaterrabio fr","article_modified_time":"2025-01-09T11:16:18+00:00","twitter_card":"summary_large_image","schema":{"@context":"https:\/\/schema.org","@graph":[{"@type":"WebPage","@id":"https:\/\/www.labuonaterrabio.it\/fr\/","url":"https:\/\/www.labuonaterrabio.it\/fr\/","name":"Gressins Artisanaux Bio | Mati\u00e8res Premi\u00e8res Naturelles | La Buona Terra Bio","isPartOf":{"@id":"https:\/\/www.labuonaterrabio.it\/fr\/#website"},"datePublished":"2021-05-13T23:35:35+00:00","dateModified":"2025-01-09T11:16:18+00:00","description":"Gressins Artisanaux Bio sans faire de compromis. Nous choisissons les meilleures mati\u00e8res premi\u00e8res naturelles pour nos produits bio, pour un r\u00e9sultat \u00e0 la qualit\u00e9 extr\u00eame.","breadcrumb":{"@id":"https:\/\/www.labuonaterrabio.it\/fr\/#breadcrumb"},"inLanguage":"fr-FR","potentialAction":[{"@type":"ReadAction","target":["https:\/\/www.labuonaterrabio.it\/fr\/"]}]},{"@type":"BreadcrumbList","@id":"https:\/\/www.labuonaterrabio.it\/fr\/#breadcrumb","itemListElement":[{"@type":"ListItem","position":1,"name":"Home","item":"https:\/\/www.labuonaterrabio.it\/fr\/"},{"@type":"ListItem","position":2,"name":"Home"}]},{"@type":"WebSite","@id":"https:\/\/www.labuonaterrabio.it\/fr\/#website","url":"https:\/\/www.labuonaterrabio.it\/fr\/","name":"labuonaterrabio fr","description":"Un nuovo sito targato WordPress","publisher":{"@id":"https:\/\/www.labuonaterrabio.it\/fr\/#organization"},"potentialAction":[{"@type":"SearchAction","target":{"@type":"EntryPoint","urlTemplate":"https:\/\/www.labuonaterrabio.it\/fr\/?s={search_term_string}"},"query-input":{"@type":"PropertyValueSpecification","valueRequired":true,"valueName":"search_term_string"}}],"inLanguage":"fr-FR"},{"@type":"Organization","@id":"https:\/\/www.labuonaterrabio.it\/fr\/#organization","name":"La Buona Terra Bio","url":"https:\/\/www.labuonaterrabio.it\/fr\/","logo":{"@type":"ImageObject","inLanguage":"fr-FR","@id":"https:\/\/www.labuonaterrabio.it\/fr\/#\/schema\/logo\/image\/","url":"https:\/\/www.labuonaterrabio.it\/fr\/wp-content\/uploads\/sites\/3\/logo-menu.svg","contentUrl":"https:\/\/www.labuonaterrabio.it\/fr\/wp-content\/uploads\/sites\/3\/logo-menu.svg","width":1,"height":1,"caption":"La Buona Terra Bio"},"image":{"@id":"https:\/\/www.labuonaterrabio.it\/fr\/#\/schema\/logo\/image\/"}}]}},"_links":{"self":[{"href":"https:\/\/www.labuonaterrabio.it\/fr\/wp-json\/wp\/v2\/pages\/152","targetHints":{"allow":["GET"]}}],"collection":[{"href":"https:\/\/www.labuonaterrabio.it\/fr\/wp-json\/wp\/v2\/pages"}],"about":[{"href":"https:\/\/www.labuonaterrabio.it\/fr\/wp-json\/wp\/v2\/types\/page"}],"author":[{"embeddable":true,"href":"https:\/\/www.labuonaterrabio.it\/fr\/wp-json\/wp\/v2\/users\/1"}],"replies":[{"embeddable":true,"href":"https:\/\/www.labuonaterrabio.it\/fr\/wp-json\/wp\/v2\/comments?post=152"}],"version-history":[{"count":50,"href":"https:\/\/www.labuonaterrabio.it\/fr\/wp-json\/wp\/v2\/pages\/152\/revisions"}],"predecessor-version":[{"id":1756,"href":"https:\/\/www.labuonaterrabio.it\/fr\/wp-json\/wp\/v2\/pages\/152\/revisions\/1756"}],"wp:attachment":[{"href":"https:\/\/www.labuonaterrabio.it\/fr\/wp-json\/wp\/v2\/media?parent=152"}],"curies":[{"name":"wp","href":"https:\/\/api.w.org\/{rel}","templated":true}]}}